{"id":1991,"date":"2023-11-15T21:46:58","date_gmt":"2023-11-15T21:46:58","guid":{"rendered":"http:\/\/eltiosam.com.mx\/index.php\/product\/estufa-io-mabe-80cm-io8075getii\/"},"modified":"2024-02-09T03:55:42","modified_gmt":"2024-02-09T03:55:42","slug":"estufa-io-mabe-80cm-io8075getii","status":"publish","type":"product","link":"https:\/\/eltiosam.com.mx\/index.php\/product\/estufa-io-mabe-80cm-io8075getii\/","title":{"rendered":"ESTUFA IO MABE 80CM IO8075GETII"},"content":{"rendered":"<p><span data-mce-fragment=\"1\"><strong>Descripci\u00f3n:<\/strong> Quemador Jumbo de gran potencia para cocinar homog\u00e9neamente tus platillos. Ultimate Cleaning: Tecnolog\u00eda que facilita la limpieza de tu estufa, tanto en la parrilla como en las paredes del horno. Ultimate Cooking: Tecnolog\u00eda que te ayuda a cocinar mejor, ya que cuenta con quemadores de gran potencia y un horno con calor envolvente para que todos tus platillos queden perfectos. Nuevo dise\u00f1o en perillas que combina con toda tu cocina y le da una apariencia moderna.<\/span><\/p>\n<p>&nbsp;<\/p>\n<p>&nbsp;<\/p>\n","protected":false},"excerpt":{"rendered":"<p>Descripci\u00f3n: Quemador Jumbo de gran potencia para cocinar homog\u00e9neamente tus platillos. Ultimate Cleaning: Tecnolog\u00eda que facilita la limpieza de tu estufa, tanto en la parrilla como en las paredes del horno. Ultimate Cooking: Tecnolog\u00eda que te ayuda a cocinar mejor, ya que cuenta con quemadores de gran potencia y un horno con calor envolvente para [&hellip;]<\/p>\n","protected":false},"featured_media":2765,"template":"","meta":{"_joinchat":[]},"product_brand":[],"product_cat":[161,29,62,171],"product_tag":[21],"class_list":{"0":"post-1991","1":"product","2":"type-product","3":"status-publish","4":"has-post-thumbnail","6":"product_cat-best-selling-products","7":"product_cat-coccion","8":"product_cat-estufas","9":"product_cat-estufas-de-empotre","10":"product_tag-mabe","12":"first","13":"outofstock","14":"shipping-taxable","15":"purchasable","16":"product-type-simple"},"_links":{"self":[{"href":"https:\/\/eltiosam.com.mx\/index.php\/wp-json\/wp\/v2\/product\/1991","targetHints":{"allow":["GET"]}}],"collection":[{"href":"https:\/\/eltiosam.com.mx\/index.php\/wp-json\/wp\/v2\/product"}],"about":[{"href":"https:\/\/eltiosam.com.mx\/index.php\/wp-json\/wp\/v2\/types\/product"}],"wp:featuredmedia":[{"embeddable":true,"href":"https:\/\/eltiosam.com.mx\/index.php\/wp-json\/wp\/v2\/media\/2765"}],"wp:attachment":[{"href":"https:\/\/eltiosam.com.mx\/index.php\/wp-json\/wp\/v2\/media?parent=1991"}],"wp:term":[{"taxonomy":"product_brand","embeddable":true,"href":"https:\/\/eltiosam.com.mx\/index.php\/wp-json\/wp\/v2\/product_brand?post=1991"},{"taxonomy":"product_cat","embeddable":true,"href":"https:\/\/eltiosam.com.mx\/index.php\/wp-json\/wp\/v2\/product_cat?post=1991"},{"taxonomy":"product_tag","embeddable":true,"href":"https:\/\/eltiosam.com.mx\/index.php\/wp-json\/wp\/v2\/product_tag?post=1991"}],"curies":[{"name":"wp","href":"https:\/\/api.w.org\/{rel}","templated":true}]}}