{"id":1963,"date":"2023-11-15T21:46:47","date_gmt":"2023-11-15T21:46:47","guid":{"rendered":"http:\/\/eltiosam.com.mx\/index.php\/product\/estufa-de-gas-teka-50cm-fs5654gx\/"},"modified":"2024-02-08T23:34:44","modified_gmt":"2024-02-08T23:34:44","slug":"estufa-de-gas-teka-50cm-fs5654gx","status":"publish","type":"product","link":"https:\/\/eltiosam.com.mx\/index.php\/product\/estufa-de-gas-teka-50cm-fs5654gx\/","title":{"rendered":"ESTUFA DE GAS TEKA 50CM FS5654GX"},"content":{"rendered":"<p>La estufa de gas Teka modelo FS5654GX es una estufa de piso de 50 cm con un dise\u00f1o moderno y caracter\u00edsticas avanzadas. La estufa FS5654GX de Teka es ideal para cocinas con espacio limitado, ofreciendo una combinaci\u00f3n de eficiencia, seguridad y dise\u00f1o moderno, adecuada para diversas necesidades culinarias\u200b\u200b\u200b\u200b\u200b\u200b\u200b\u200b.<\/p>\n","protected":false},"excerpt":{"rendered":"<p>La estufa de gas Teka modelo FS5654GX es una estufa de piso de 50 cm con un dise\u00f1o moderno y caracter\u00edsticas avanzadas. La estufa FS5654GX de Teka es ideal para cocinas con espacio limitado, ofreciendo una combinaci\u00f3n de eficiencia, seguridad y dise\u00f1o moderno, adecuada para diversas necesidades culinarias\u200b\u200b\u200b\u200b\u200b\u200b\u200b\u200b.<\/p>\n","protected":false},"featured_media":2662,"template":"","meta":{"_joinchat":[]},"product_brand":[],"product_cat":[161,29,62],"product_tag":[106],"class_list":{"0":"post-1963","1":"product","2":"type-product","3":"status-publish","4":"has-post-thumbnail","6":"product_cat-best-selling-products","7":"product_cat-coccion","8":"product_cat-estufas","9":"product_tag-teka","11":"first","12":"outofstock","13":"shipping-taxable","14":"purchasable","15":"product-type-simple"},"_links":{"self":[{"href":"https:\/\/eltiosam.com.mx\/index.php\/wp-json\/wp\/v2\/product\/1963","targetHints":{"allow":["GET"]}}],"collection":[{"href":"https:\/\/eltiosam.com.mx\/index.php\/wp-json\/wp\/v2\/product"}],"about":[{"href":"https:\/\/eltiosam.com.mx\/index.php\/wp-json\/wp\/v2\/types\/product"}],"wp:featuredmedia":[{"embeddable":true,"href":"https:\/\/eltiosam.com.mx\/index.php\/wp-json\/wp\/v2\/media\/2662"}],"wp:attachment":[{"href":"https:\/\/eltiosam.com.mx\/index.php\/wp-json\/wp\/v2\/media?parent=1963"}],"wp:term":[{"taxonomy":"product_brand","embeddable":true,"href":"https:\/\/eltiosam.com.mx\/index.php\/wp-json\/wp\/v2\/product_brand?post=1963"},{"taxonomy":"product_cat","embeddable":true,"href":"https:\/\/eltiosam.com.mx\/index.php\/wp-json\/wp\/v2\/product_cat?post=1963"},{"taxonomy":"product_tag","embeddable":true,"href":"https:\/\/eltiosam.com.mx\/index.php\/wp-json\/wp\/v2\/product_tag?post=1963"}],"curies":[{"name":"wp","href":"https:\/\/api.w.org\/{rel}","templated":true}]}}