{"id":1959,"date":"2023-11-15T21:46:44","date_gmt":"2023-11-15T21:46:44","guid":{"rendered":"http:\/\/eltiosam.com.mx\/index.php\/product\/estufa-de-gas-mabe-30-xoc80750ci\/"},"modified":"2024-02-08T23:23:28","modified_gmt":"2024-02-08T23:23:28","slug":"estufa-de-gas-mabe-30-xoc80750ci","status":"publish","type":"product","link":"https:\/\/eltiosam.com.mx\/index.php\/product\/estufa-de-gas-mabe-30-xoc80750ci\/","title":{"rendered":"ESTUFA DE GAS MABE 30&#8243; XOC80750CI"},"content":{"rendered":"<p><strong>Descripci\u00f3n:<\/strong> Parrillas de fundici\u00f3n con nuevo dise\u00f1o, robusto e innovador para una mayor estabilidad, que permite mover tus ollas con mayor facilidad. Gran versatilidad en quemadores con flamas de gran potencia para una mejor cocci\u00f3n de los alimentos. Recubrimiento interior Easy Clean Pro. La evoluci\u00f3n de la limpieza continua, tan f\u00e1cil de limpiar como un vidrio.<\/p>\n<p>&nbsp;<\/p>\n","protected":false},"excerpt":{"rendered":"<p>Descripci\u00f3n: Parrillas de fundici\u00f3n con nuevo dise\u00f1o, robusto e innovador para una mayor estabilidad, que permite mover tus ollas con mayor facilidad. Gran versatilidad en quemadores con flamas de gran potencia para una mejor cocci\u00f3n de los alimentos. Recubrimiento interior Easy Clean Pro. La evoluci\u00f3n de la limpieza continua, tan f\u00e1cil de limpiar como un [&hellip;]<\/p>\n","protected":false},"featured_media":2598,"template":"","meta":{"_joinchat":[]},"product_brand":[],"product_cat":[161,29,62,171],"product_tag":[21],"class_list":{"0":"post-1959","1":"product","2":"type-product","3":"status-publish","4":"has-post-thumbnail","6":"product_cat-best-selling-products","7":"product_cat-coccion","8":"product_cat-estufas","9":"product_cat-estufas-de-empotre","10":"product_tag-mabe","12":"first","13":"outofstock","14":"shipping-taxable","15":"purchasable","16":"product-type-simple"},"_links":{"self":[{"href":"https:\/\/eltiosam.com.mx\/index.php\/wp-json\/wp\/v2\/product\/1959","targetHints":{"allow":["GET"]}}],"collection":[{"href":"https:\/\/eltiosam.com.mx\/index.php\/wp-json\/wp\/v2\/product"}],"about":[{"href":"https:\/\/eltiosam.com.mx\/index.php\/wp-json\/wp\/v2\/types\/product"}],"wp:featuredmedia":[{"embeddable":true,"href":"https:\/\/eltiosam.com.mx\/index.php\/wp-json\/wp\/v2\/media\/2598"}],"wp:attachment":[{"href":"https:\/\/eltiosam.com.mx\/index.php\/wp-json\/wp\/v2\/media?parent=1959"}],"wp:term":[{"taxonomy":"product_brand","embeddable":true,"href":"https:\/\/eltiosam.com.mx\/index.php\/wp-json\/wp\/v2\/product_brand?post=1959"},{"taxonomy":"product_cat","embeddable":true,"href":"https:\/\/eltiosam.com.mx\/index.php\/wp-json\/wp\/v2\/product_cat?post=1959"},{"taxonomy":"product_tag","embeddable":true,"href":"https:\/\/eltiosam.com.mx\/index.php\/wp-json\/wp\/v2\/product_tag?post=1959"}],"curies":[{"name":"wp","href":"https:\/\/api.w.org\/{rel}","templated":true}]}}