{"id":1942,"date":"2023-11-15T21:46:34","date_gmt":"2023-11-15T21:46:34","guid":{"rendered":"http:\/\/eltiosam.com.mx\/index.php\/product\/estufa-de-gas-mabe-30-em7654bfis\/"},"modified":"2024-02-08T21:25:50","modified_gmt":"2024-02-08T21:25:50","slug":"estufa-de-gas-mabe-30-em7654bfis","status":"publish","type":"product","link":"https:\/\/eltiosam.com.mx\/index.php\/product\/estufa-de-gas-mabe-30-em7654bfis\/","title":{"rendered":"ESTUFA DE GAS MABE 30&#8243; EM7654BFIS"},"content":{"rendered":"<p><em><strong>Descripci\u00f3n<\/strong>:<\/em><\/p>\n<p>La Estufa de Gas Mabe 30&#8243; modelo EM7654BFIS ofrece tecnolog\u00eda de vanguardia para tu cocina. Con un dise\u00f1o elegante en color gris, esta estufa de piso es convertible de Gas LP a gas natural, brindando versatilidad en su uso. Las parrillas de fundici\u00f3n cuentan con un nuevo dise\u00f1o robusto e innovador, proporcionando mayor estabilidad y facilitando el movimiento de ollas.<\/p>\n","protected":false},"excerpt":{"rendered":"<p>Descripci\u00f3n: La Estufa de Gas Mabe 30&#8243; modelo EM7654BFIS ofrece tecnolog\u00eda de vanguardia para tu cocina. Con un dise\u00f1o elegante en color gris, esta estufa de piso es convertible de Gas LP a gas natural, brindando versatilidad en su uso. Las parrillas de fundici\u00f3n cuentan con un nuevo dise\u00f1o robusto e innovador, proporcionando mayor estabilidad [&hellip;]<\/p>\n","protected":false},"featured_media":2501,"template":"","meta":{"_joinchat":[]},"product_brand":[],"product_cat":[161,29,62,172],"product_tag":[21],"class_list":{"0":"post-1942","1":"product","2":"type-product","3":"status-publish","4":"has-post-thumbnail","6":"product_cat-best-selling-products","7":"product_cat-coccion","8":"product_cat-estufas","9":"product_cat-estufas-de-piso","10":"product_tag-mabe","12":"first","13":"outofstock","14":"shipping-taxable","15":"purchasable","16":"product-type-simple"},"_links":{"self":[{"href":"https:\/\/eltiosam.com.mx\/index.php\/wp-json\/wp\/v2\/product\/1942","targetHints":{"allow":["GET"]}}],"collection":[{"href":"https:\/\/eltiosam.com.mx\/index.php\/wp-json\/wp\/v2\/product"}],"about":[{"href":"https:\/\/eltiosam.com.mx\/index.php\/wp-json\/wp\/v2\/types\/product"}],"wp:featuredmedia":[{"embeddable":true,"href":"https:\/\/eltiosam.com.mx\/index.php\/wp-json\/wp\/v2\/media\/2501"}],"wp:attachment":[{"href":"https:\/\/eltiosam.com.mx\/index.php\/wp-json\/wp\/v2\/media?parent=1942"}],"wp:term":[{"taxonomy":"product_brand","embeddable":true,"href":"https:\/\/eltiosam.com.mx\/index.php\/wp-json\/wp\/v2\/product_brand?post=1942"},{"taxonomy":"product_cat","embeddable":true,"href":"https:\/\/eltiosam.com.mx\/index.php\/wp-json\/wp\/v2\/product_cat?post=1942"},{"taxonomy":"product_tag","embeddable":true,"href":"https:\/\/eltiosam.com.mx\/index.php\/wp-json\/wp\/v2\/product_tag?post=1942"}],"curies":[{"name":"wp","href":"https:\/\/api.w.org\/{rel}","templated":true}]}}