{"id":1940,"date":"2023-11-15T21:46:33","date_gmt":"2023-11-15T21:46:33","guid":{"rendered":"http:\/\/eltiosam.com.mx\/index.php\/product\/estufa-de-gas-mabe-20-emc5046cais\/"},"modified":"2024-02-08T21:22:51","modified_gmt":"2024-02-08T21:22:51","slug":"estufa-de-gas-mabe-20-emc5046cais","status":"publish","type":"product","link":"https:\/\/eltiosam.com.mx\/index.php\/product\/estufa-de-gas-mabe-20-emc5046cais\/","title":{"rendered":"ESTUFA DE GAS MABE 20&#8243; EMC5046CAIS"},"content":{"rendered":"<p><strong>Descripci\u00f3n:<\/strong> La <strong>Estufa Empotrable Mabe EMC5046CAIS0 de Gas LP<\/strong> ofrece un dise\u00f1o elegante y varias caracter\u00edsticas que pueden facilitar tus actividades en la cocina. Esta estufa Mabe empotrable no solo ofrece un dise\u00f1o moderno sino tambi\u00e9n caracter\u00edsticas pr\u00e1cticas como el sistema de horneado Perfect Cook para una distribuci\u00f3n uniforme de calor, encendido electr\u00f3nico, y recubrimiento interior Easy Clean Pro para facilitar la limpieza. Adem\u00e1s, es convertible a gas natural para adaptarse a tus necesidades.<\/p>\n","protected":false},"excerpt":{"rendered":"<p>Descripci\u00f3n: La Estufa Empotrable Mabe EMC5046CAIS0 de Gas LP ofrece un dise\u00f1o elegante y varias caracter\u00edsticas que pueden facilitar tus actividades en la cocina. Esta estufa Mabe empotrable no solo ofrece un dise\u00f1o moderno sino tambi\u00e9n caracter\u00edsticas pr\u00e1cticas como el sistema de horneado Perfect Cook para una distribuci\u00f3n uniforme de calor, encendido electr\u00f3nico, y recubrimiento [&hellip;]<\/p>\n","protected":false},"featured_media":2491,"template":"","meta":{"_joinchat":[]},"product_brand":[],"product_cat":[161,29,62,171],"product_tag":[21],"class_list":{"0":"post-1940","1":"product","2":"type-product","3":"status-publish","4":"has-post-thumbnail","6":"product_cat-best-selling-products","7":"product_cat-coccion","8":"product_cat-estufas","9":"product_cat-estufas-de-empotre","10":"product_tag-mabe","12":"first","13":"outofstock","14":"shipping-taxable","15":"purchasable","16":"product-type-simple"},"_links":{"self":[{"href":"https:\/\/eltiosam.com.mx\/index.php\/wp-json\/wp\/v2\/product\/1940","targetHints":{"allow":["GET"]}}],"collection":[{"href":"https:\/\/eltiosam.com.mx\/index.php\/wp-json\/wp\/v2\/product"}],"about":[{"href":"https:\/\/eltiosam.com.mx\/index.php\/wp-json\/wp\/v2\/types\/product"}],"wp:featuredmedia":[{"embeddable":true,"href":"https:\/\/eltiosam.com.mx\/index.php\/wp-json\/wp\/v2\/media\/2491"}],"wp:attachment":[{"href":"https:\/\/eltiosam.com.mx\/index.php\/wp-json\/wp\/v2\/media?parent=1940"}],"wp:term":[{"taxonomy":"product_brand","embeddable":true,"href":"https:\/\/eltiosam.com.mx\/index.php\/wp-json\/wp\/v2\/product_brand?post=1940"},{"taxonomy":"product_cat","embeddable":true,"href":"https:\/\/eltiosam.com.mx\/index.php\/wp-json\/wp\/v2\/product_cat?post=1940"},{"taxonomy":"product_tag","embeddable":true,"href":"https:\/\/eltiosam.com.mx\/index.php\/wp-json\/wp\/v2\/product_tag?post=1940"}],"curies":[{"name":"wp","href":"https:\/\/api.w.org\/{rel}","templated":true}]}}