{"id":1937,"date":"2023-11-15T21:46:32","date_gmt":"2023-11-15T21:46:32","guid":{"rendered":"http:\/\/eltiosam.com.mx\/index.php\/product\/estufa-de-gas-mabe-20-emc5044cais\/"},"modified":"2024-02-08T21:16:47","modified_gmt":"2024-02-08T21:16:47","slug":"estufa-de-gas-mabe-20-emc5044cais","status":"publish","type":"product","link":"https:\/\/eltiosam.com.mx\/index.php\/product\/estufa-de-gas-mabe-20-emc5044cais\/","title":{"rendered":"ESTUFA DE GAS MABE 20&#8243; EMC5044CAIS"},"content":{"rendered":"<p><strong>Descripci\u00f3n:<\/strong> La <strong>Estufa de Gas Mabe 20&#8243; EMC5044CAIS<\/strong> es una opci\u00f3n pr\u00e1ctica y eficiente para espacios m\u00e1s reducidos. Esta estufa Mabe es ideal para cocinas m\u00e1s peque\u00f1as, ofreciendo funcionalidad, eficiencia y dise\u00f1o.<\/p>\n","protected":false},"excerpt":{"rendered":"<p>Descripci\u00f3n: La Estufa de Gas Mabe 20&#8243; EMC5044CAIS es una opci\u00f3n pr\u00e1ctica y eficiente para espacios m\u00e1s reducidos. Esta estufa Mabe es ideal para cocinas m\u00e1s peque\u00f1as, ofreciendo funcionalidad, eficiencia y dise\u00f1o.<\/p>\n","protected":false},"featured_media":2479,"template":"","meta":{"_joinchat":[]},"product_brand":[],"product_cat":[161,29,62,171],"product_tag":[21],"class_list":{"0":"post-1937","1":"product","2":"type-product","3":"status-publish","4":"has-post-thumbnail","6":"product_cat-best-selling-products","7":"product_cat-coccion","8":"product_cat-estufas","9":"product_cat-estufas-de-empotre","10":"product_tag-mabe","12":"first","13":"outofstock","14":"shipping-taxable","15":"purchasable","16":"product-type-simple"},"_links":{"self":[{"href":"https:\/\/eltiosam.com.mx\/index.php\/wp-json\/wp\/v2\/product\/1937","targetHints":{"allow":["GET"]}}],"collection":[{"href":"https:\/\/eltiosam.com.mx\/index.php\/wp-json\/wp\/v2\/product"}],"about":[{"href":"https:\/\/eltiosam.com.mx\/index.php\/wp-json\/wp\/v2\/types\/product"}],"wp:featuredmedia":[{"embeddable":true,"href":"https:\/\/eltiosam.com.mx\/index.php\/wp-json\/wp\/v2\/media\/2479"}],"wp:attachment":[{"href":"https:\/\/eltiosam.com.mx\/index.php\/wp-json\/wp\/v2\/media?parent=1937"}],"wp:term":[{"taxonomy":"product_brand","embeddable":true,"href":"https:\/\/eltiosam.com.mx\/index.php\/wp-json\/wp\/v2\/product_brand?post=1937"},{"taxonomy":"product_cat","embeddable":true,"href":"https:\/\/eltiosam.com.mx\/index.php\/wp-json\/wp\/v2\/product_cat?post=1937"},{"taxonomy":"product_tag","embeddable":true,"href":"https:\/\/eltiosam.com.mx\/index.php\/wp-json\/wp\/v2\/product_tag?post=1937"}],"curies":[{"name":"wp","href":"https:\/\/api.w.org\/{rel}","templated":true}]}}