{"id":1931,"date":"2023-11-15T21:46:28","date_gmt":"2023-11-15T21:46:28","guid":{"rendered":"http:\/\/eltiosam.com.mx\/index.php\/product\/estufa-de-gas-mabe-20-em5043bfis\/"},"modified":"2024-02-08T21:08:26","modified_gmt":"2024-02-08T21:08:26","slug":"estufa-de-gas-mabe-20-em5043bfis","status":"publish","type":"product","link":"https:\/\/eltiosam.com.mx\/index.php\/product\/estufa-de-gas-mabe-20-em5043bfis\/","title":{"rendered":"ESTUFA DE GAS MABE 20&#8243; EM5043BFIS"},"content":{"rendered":"<p><strong>Descripci\u00f3n:<\/strong><\/p>\n<p>La <strong>Estufa de Gas Mabe 20&#8243; EM5043BFIS<\/strong> es una opci\u00f3n eficiente y funcional para cocinas m\u00e1s compactas.Esta estufa Mabe de 20&#8243; ofrece una combinaci\u00f3n de eficiencia y dise\u00f1o innovador para satisfacer tus necesidades en la cocina.<\/p>\n","protected":false},"excerpt":{"rendered":"<p>Descripci\u00f3n: La Estufa de Gas Mabe 20&#8243; EM5043BFIS es una opci\u00f3n eficiente y funcional para cocinas m\u00e1s compactas.Esta estufa Mabe de 20&#8243; ofrece una combinaci\u00f3n de eficiencia y dise\u00f1o innovador para satisfacer tus necesidades en la cocina.<\/p>\n","protected":false},"featured_media":2419,"template":"","meta":{"_joinchat":[]},"product_brand":[],"product_cat":[161,29,62,172],"product_tag":[21],"class_list":{"0":"post-1931","1":"product","2":"type-product","3":"status-publish","4":"has-post-thumbnail","6":"product_cat-best-selling-products","7":"product_cat-coccion","8":"product_cat-estufas","9":"product_cat-estufas-de-piso","10":"product_tag-mabe","12":"first","13":"outofstock","14":"shipping-taxable","15":"purchasable","16":"product-type-simple"},"_links":{"self":[{"href":"https:\/\/eltiosam.com.mx\/index.php\/wp-json\/wp\/v2\/product\/1931","targetHints":{"allow":["GET"]}}],"collection":[{"href":"https:\/\/eltiosam.com.mx\/index.php\/wp-json\/wp\/v2\/product"}],"about":[{"href":"https:\/\/eltiosam.com.mx\/index.php\/wp-json\/wp\/v2\/types\/product"}],"wp:featuredmedia":[{"embeddable":true,"href":"https:\/\/eltiosam.com.mx\/index.php\/wp-json\/wp\/v2\/media\/2419"}],"wp:attachment":[{"href":"https:\/\/eltiosam.com.mx\/index.php\/wp-json\/wp\/v2\/media?parent=1931"}],"wp:term":[{"taxonomy":"product_brand","embeddable":true,"href":"https:\/\/eltiosam.com.mx\/index.php\/wp-json\/wp\/v2\/product_brand?post=1931"},{"taxonomy":"product_cat","embeddable":true,"href":"https:\/\/eltiosam.com.mx\/index.php\/wp-json\/wp\/v2\/product_cat?post=1931"},{"taxonomy":"product_tag","embeddable":true,"href":"https:\/\/eltiosam.com.mx\/index.php\/wp-json\/wp\/v2\/product_tag?post=1931"}],"curies":[{"name":"wp","href":"https:\/\/api.w.org\/{rel}","templated":true}]}}