{"id":1926,"date":"2023-11-15T21:46:27","date_gmt":"2023-11-15T21:46:27","guid":{"rendered":"http:\/\/eltiosam.com.mx\/index.php\/product\/estufa-de-gas-mabe-20-em5041bais\/"},"modified":"2024-02-08T18:44:06","modified_gmt":"2024-02-08T18:44:06","slug":"estufa-de-gas-mabe-20-em5041bais","status":"publish","type":"product","link":"https:\/\/eltiosam.com.mx\/index.php\/product\/estufa-de-gas-mabe-20-em5041bais\/","title":{"rendered":"ESTUFA DE GAS MABE 20&#8243; EM5041BAIS"},"content":{"rendered":"<p>La <strong>Estufa de Gas Mabe 20&#8243; EM5041BAIS<\/strong> es una excelente opci\u00f3n para cocinas m\u00e1s peque\u00f1as.\u00a0 Con sus quemadores Tech, parrillas de alambr\u00f3n y la tecnolog\u00eda Perfect Cook, esta estufa ofrece un rendimiento eficiente y un dise\u00f1o elegante para tu cocina.<\/p>\n","protected":false},"excerpt":{"rendered":"<p>La Estufa de Gas Mabe 20&#8243; EM5041BAIS es una excelente opci\u00f3n para cocinas m\u00e1s peque\u00f1as.\u00a0 Con sus quemadores Tech, parrillas de alambr\u00f3n y la tecnolog\u00eda Perfect Cook, esta estufa ofrece un rendimiento eficiente y un dise\u00f1o elegante para tu cocina.<\/p>\n","protected":false},"featured_media":2395,"template":"","meta":{"_joinchat":[]},"product_brand":[],"product_cat":[161,29,62,172],"product_tag":[21],"class_list":{"0":"post-1926","1":"product","2":"type-product","3":"status-publish","4":"has-post-thumbnail","6":"product_cat-best-selling-products","7":"product_cat-coccion","8":"product_cat-estufas","9":"product_cat-estufas-de-piso","10":"product_tag-mabe","12":"first","13":"outofstock","14":"shipping-taxable","15":"purchasable","16":"product-type-simple"},"_links":{"self":[{"href":"https:\/\/eltiosam.com.mx\/index.php\/wp-json\/wp\/v2\/product\/1926","targetHints":{"allow":["GET"]}}],"collection":[{"href":"https:\/\/eltiosam.com.mx\/index.php\/wp-json\/wp\/v2\/product"}],"about":[{"href":"https:\/\/eltiosam.com.mx\/index.php\/wp-json\/wp\/v2\/types\/product"}],"wp:featuredmedia":[{"embeddable":true,"href":"https:\/\/eltiosam.com.mx\/index.php\/wp-json\/wp\/v2\/media\/2395"}],"wp:attachment":[{"href":"https:\/\/eltiosam.com.mx\/index.php\/wp-json\/wp\/v2\/media?parent=1926"}],"wp:term":[{"taxonomy":"product_brand","embeddable":true,"href":"https:\/\/eltiosam.com.mx\/index.php\/wp-json\/wp\/v2\/product_brand?post=1926"},{"taxonomy":"product_cat","embeddable":true,"href":"https:\/\/eltiosam.com.mx\/index.php\/wp-json\/wp\/v2\/product_cat?post=1926"},{"taxonomy":"product_tag","embeddable":true,"href":"https:\/\/eltiosam.com.mx\/index.php\/wp-json\/wp\/v2\/product_tag?post=1926"}],"curies":[{"name":"wp","href":"https:\/\/api.w.org\/{rel}","templated":true}]}}