{"id":1882,"date":"2023-11-15T21:46:11","date_gmt":"2023-11-15T21:46:11","guid":{"rendered":"http:\/\/eltiosam.com.mx\/index.php\/product\/enfriador-mabe-emdpccb\/"},"modified":"2024-02-08T13:45:24","modified_gmt":"2024-02-08T13:45:24","slug":"enfriador-mabe-emdpccb","status":"publish","type":"product","link":"https:\/\/eltiosam.com.mx\/index.php\/product\/enfriador-mabe-emdpccb\/","title":{"rendered":"ENFRIADOR MABE EMDPCCB"},"content":{"rendered":"<p><strong>Descripci\u00f3n:<\/strong> Este enfriador Mabe es una soluci\u00f3n pr\u00e1ctica y confiable para tener agua a la temperatura deseada en cualquier momento. Ofrece comodidad, durabilidad y se adapta f\u00e1cilmente a tu espacio. Su dise\u00f1o est\u00e9tico lo convierte en una adici\u00f3n atractiva a tu entorno.<\/p>\n","protected":false},"excerpt":{"rendered":"<p>Descripci\u00f3n: Este enfriador Mabe es una soluci\u00f3n pr\u00e1ctica y confiable para tener agua a la temperatura deseada en cualquier momento. Ofrece comodidad, durabilidad y se adapta f\u00e1cilmente a tu espacio. Su dise\u00f1o est\u00e9tico lo convierte en una adici\u00f3n atractiva a tu entorno.<\/p>\n","protected":false},"featured_media":2308,"template":"","meta":{"_joinchat":[]},"product_brand":[],"product_cat":[161,169,165,20],"product_tag":[21],"class_list":{"0":"post-1882","1":"product","2":"type-product","3":"status-publish","4":"has-post-thumbnail","6":"product_cat-best-selling-products","7":"product_cat-despachadores-de-agua","8":"product_cat-enfriadores-de-bebidas-frigobares","9":"product_cat-refrigeracion","10":"product_tag-mabe","12":"first","13":"outofstock","14":"shipping-taxable","15":"purchasable","16":"product-type-simple"},"_links":{"self":[{"href":"https:\/\/eltiosam.com.mx\/index.php\/wp-json\/wp\/v2\/product\/1882","targetHints":{"allow":["GET"]}}],"collection":[{"href":"https:\/\/eltiosam.com.mx\/index.php\/wp-json\/wp\/v2\/product"}],"about":[{"href":"https:\/\/eltiosam.com.mx\/index.php\/wp-json\/wp\/v2\/types\/product"}],"wp:featuredmedia":[{"embeddable":true,"href":"https:\/\/eltiosam.com.mx\/index.php\/wp-json\/wp\/v2\/media\/2308"}],"wp:attachment":[{"href":"https:\/\/eltiosam.com.mx\/index.php\/wp-json\/wp\/v2\/media?parent=1882"}],"wp:term":[{"taxonomy":"product_brand","embeddable":true,"href":"https:\/\/eltiosam.com.mx\/index.php\/wp-json\/wp\/v2\/product_brand?post=1882"},{"taxonomy":"product_cat","embeddable":true,"href":"https:\/\/eltiosam.com.mx\/index.php\/wp-json\/wp\/v2\/product_cat?post=1882"},{"taxonomy":"product_tag","embeddable":true,"href":"https:\/\/eltiosam.com.mx\/index.php\/wp-json\/wp\/v2\/product_tag?post=1882"}],"curies":[{"name":"wp","href":"https:\/\/api.w.org\/{rel}","templated":true}]}}