{"id":1867,"date":"2023-11-15T21:46:05","date_gmt":"2023-11-15T21:46:05","guid":{"rendered":"http:\/\/eltiosam.com.mx\/index.php\/product\/dosificador-de-jabon-kele-kss0010\/"},"modified":"2024-02-08T04:25:42","modified_gmt":"2024-02-08T04:25:42","slug":"dosificador-de-jabon-kele-kss0010","status":"publish","type":"product","link":"https:\/\/eltiosam.com.mx\/index.php\/product\/dosificador-de-jabon-kele-kss0010\/","title":{"rendered":"DOSIFICADOR DE JABON KELE KSS0010"},"content":{"rendered":"<p><strong>Descripci\u00f3n<\/strong>: Moderna y elegante, ideal para complementar la decoraci\u00f3n de una cocina o ba\u00f1o\u00a0Proporciona una dispensaci\u00f3n eficiente de jab\u00f3n l\u00edquido.<\/p>\n","protected":false},"excerpt":{"rendered":"<p>Descripci\u00f3n: Moderna y elegante, ideal para complementar la decoraci\u00f3n de una cocina o ba\u00f1o\u00a0Proporciona una dispensaci\u00f3n eficiente de jab\u00f3n l\u00edquido.<\/p>\n","protected":false},"featured_media":2270,"template":"","meta":{"_joinchat":[]},"product_brand":[],"product_cat":[158,161],"product_tag":[70],"class_list":{"0":"post-1867","1":"product","2":"type-product","3":"status-publish","4":"has-post-thumbnail","6":"product_cat-accesorios","7":"product_cat-best-selling-products","8":"product_tag-kele","10":"first","11":"outofstock","12":"shipping-taxable","13":"purchasable","14":"product-type-simple"},"_links":{"self":[{"href":"https:\/\/eltiosam.com.mx\/index.php\/wp-json\/wp\/v2\/product\/1867","targetHints":{"allow":["GET"]}}],"collection":[{"href":"https:\/\/eltiosam.com.mx\/index.php\/wp-json\/wp\/v2\/product"}],"about":[{"href":"https:\/\/eltiosam.com.mx\/index.php\/wp-json\/wp\/v2\/types\/product"}],"wp:featuredmedia":[{"embeddable":true,"href":"https:\/\/eltiosam.com.mx\/index.php\/wp-json\/wp\/v2\/media\/2270"}],"wp:attachment":[{"href":"https:\/\/eltiosam.com.mx\/index.php\/wp-json\/wp\/v2\/media?parent=1867"}],"wp:term":[{"taxonomy":"product_brand","embeddable":true,"href":"https:\/\/eltiosam.com.mx\/index.php\/wp-json\/wp\/v2\/product_brand?post=1867"},{"taxonomy":"product_cat","embeddable":true,"href":"https:\/\/eltiosam.com.mx\/index.php\/wp-json\/wp\/v2\/product_cat?post=1867"},{"taxonomy":"product_tag","embeddable":true,"href":"https:\/\/eltiosam.com.mx\/index.php\/wp-json\/wp\/v2\/product_tag?post=1867"}],"curies":[{"name":"wp","href":"https:\/\/api.w.org\/{rel}","templated":true}]}}