{"id":1855,"date":"2023-11-15T21:46:01","date_gmt":"2023-11-15T21:46:01","guid":{"rendered":"http:\/\/eltiosam.com.mx\/index.php\/product\/despachador-de-agua-parazzini-dap\/"},"modified":"2024-02-08T03:29:50","modified_gmt":"2024-02-08T03:29:50","slug":"despachador-de-agua-parazzini-dap","status":"publish","type":"product","link":"https:\/\/eltiosam.com.mx\/index.php\/product\/despachador-de-agua-parazzini-dap\/","title":{"rendered":"DESPACHADOR DE AGUA PARAZZINI DAP"},"content":{"rendered":"<p>Disfruta de una refrescante bebida mediante una bomba para refrigerador de la marca DAP modelo Parazzini. Podr\u00e1s f\u00e1cilmente colocarla a un garraf\u00f3n conectarla al refrigerador y utilizar de esta manera su despachador de agua.<\/p>\n","protected":false},"excerpt":{"rendered":"<p>Disfruta de una refrescante bebida mediante una bomba para refrigerador de la marca DAP modelo Parazzini. Podr\u00e1s f\u00e1cilmente colocarla a un garraf\u00f3n conectarla al refrigerador y utilizar de esta manera su despachador de agua.<\/p>\n","protected":false},"featured_media":2259,"template":"","meta":{"_joinchat":[]},"product_brand":[],"product_cat":[161,169],"product_tag":[99],"class_list":{"0":"post-1855","1":"product","2":"type-product","3":"status-publish","4":"has-post-thumbnail","6":"product_cat-best-selling-products","7":"product_cat-despachadores-de-agua","8":"product_tag-parazzini","10":"first","11":"outofstock","12":"shipping-taxable","13":"purchasable","14":"product-type-simple"},"_links":{"self":[{"href":"https:\/\/eltiosam.com.mx\/index.php\/wp-json\/wp\/v2\/product\/1855","targetHints":{"allow":["GET"]}}],"collection":[{"href":"https:\/\/eltiosam.com.mx\/index.php\/wp-json\/wp\/v2\/product"}],"about":[{"href":"https:\/\/eltiosam.com.mx\/index.php\/wp-json\/wp\/v2\/types\/product"}],"wp:featuredmedia":[{"embeddable":true,"href":"https:\/\/eltiosam.com.mx\/index.php\/wp-json\/wp\/v2\/media\/2259"}],"wp:attachment":[{"href":"https:\/\/eltiosam.com.mx\/index.php\/wp-json\/wp\/v2\/media?parent=1855"}],"wp:term":[{"taxonomy":"product_brand","embeddable":true,"href":"https:\/\/eltiosam.com.mx\/index.php\/wp-json\/wp\/v2\/product_brand?post=1855"},{"taxonomy":"product_cat","embeddable":true,"href":"https:\/\/eltiosam.com.mx\/index.php\/wp-json\/wp\/v2\/product_cat?post=1855"},{"taxonomy":"product_tag","embeddable":true,"href":"https:\/\/eltiosam.com.mx\/index.php\/wp-json\/wp\/v2\/product_tag?post=1855"}],"curies":[{"name":"wp","href":"https:\/\/api.w.org\/{rel}","templated":true}]}}