{"id":1849,"date":"2023-11-15T21:45:59","date_gmt":"2023-11-15T21:45:59","guid":{"rendered":"http:\/\/eltiosam.com.mx\/index.php\/product\/contracanasta-kele-hd-702-ai\/"},"modified":"2025-10-14T20:14:59","modified_gmt":"2025-10-14T20:14:59","slug":"contracanasta-kele-hd-702-ai","status":"publish","type":"product","link":"https:\/\/eltiosam.com.mx\/index.php\/product\/contracanasta-kele-hd-702-ai\/","title":{"rendered":"CONTRACANASTA KELE HD-702-AI"},"content":{"rendered":"<p>La <strong>Contracanasta Kele HD-702-AI<\/strong> es un componente dise\u00f1ado para su uso en fregaderos de cocina, ofreciendo funcionalidad y durabilidad. Aqu\u00ed tienes los detalles espec\u00edficos:<\/p>\n","protected":false},"excerpt":{"rendered":"<p>La Contracanasta Kele HD-702-AI es un componente dise\u00f1ado para su uso en fregaderos de cocina, ofreciendo funcionalidad y durabilidad. Aqu\u00ed tienes los detalles espec\u00edficos:<\/p>\n","protected":false},"featured_media":12760,"template":"","meta":{"_joinchat":[]},"product_brand":[],"product_cat":[158,161],"product_tag":[70],"class_list":{"0":"post-1849","1":"product","2":"type-product","3":"status-publish","4":"has-post-thumbnail","6":"product_cat-accesorios","7":"product_cat-best-selling-products","8":"product_tag-kele","10":"first","11":"outofstock","12":"shipping-taxable","13":"purchasable","14":"product-type-simple"},"_links":{"self":[{"href":"https:\/\/eltiosam.com.mx\/index.php\/wp-json\/wp\/v2\/product\/1849","targetHints":{"allow":["GET"]}}],"collection":[{"href":"https:\/\/eltiosam.com.mx\/index.php\/wp-json\/wp\/v2\/product"}],"about":[{"href":"https:\/\/eltiosam.com.mx\/index.php\/wp-json\/wp\/v2\/types\/product"}],"wp:featuredmedia":[{"embeddable":true,"href":"https:\/\/eltiosam.com.mx\/index.php\/wp-json\/wp\/v2\/media\/12760"}],"wp:attachment":[{"href":"https:\/\/eltiosam.com.mx\/index.php\/wp-json\/wp\/v2\/media?parent=1849"}],"wp:term":[{"taxonomy":"product_brand","embeddable":true,"href":"https:\/\/eltiosam.com.mx\/index.php\/wp-json\/wp\/v2\/product_brand?post=1849"},{"taxonomy":"product_cat","embeddable":true,"href":"https:\/\/eltiosam.com.mx\/index.php\/wp-json\/wp\/v2\/product_cat?post=1849"},{"taxonomy":"product_tag","embeddable":true,"href":"https:\/\/eltiosam.com.mx\/index.php\/wp-json\/wp\/v2\/product_tag?post=1849"}],"curies":[{"name":"wp","href":"https:\/\/api.w.org\/{rel}","templated":true}]}}