{"id":1815,"date":"2023-11-15T21:45:45","date_gmt":"2023-11-15T21:45:45","guid":{"rendered":"http:\/\/eltiosam.com.mx\/index.php\/product\/cesta-teka-320-380\/"},"modified":"2024-02-07T17:26:10","modified_gmt":"2024-02-07T17:26:10","slug":"cesta-teka-320-380","status":"publish","type":"product","link":"https:\/\/eltiosam.com.mx\/index.php\/product\/cesta-teka-320-380\/","title":{"rendered":"CESTA TEKA 320.380"},"content":{"rendered":"<p>Esta cesta de varillas de Teka combina durabilidad y dise\u00f1o pr\u00e1ctico, siendo una soluci\u00f3n ideal para organizar y escurrir los utensilios de cocina. Su construcci\u00f3n en acero inoxidable garantiza resistencia y f\u00e1cil mantenimiento, mientras que su dise\u00f1o espec\u00edfico para fregaderos Teka asegura una integraci\u00f3n perfecta con estos productos\u200b<\/p>\n","protected":false},"excerpt":{"rendered":"<p>Esta cesta de varillas de Teka combina durabilidad y dise\u00f1o pr\u00e1ctico, siendo una soluci\u00f3n ideal para organizar y escurrir los utensilios de cocina. Su construcci\u00f3n en acero inoxidable garantiza resistencia y f\u00e1cil mantenimiento, mientras que su dise\u00f1o espec\u00edfico para fregaderos Teka asegura una integraci\u00f3n perfecta con estos productos\u200b<\/p>\n","protected":false},"featured_media":2143,"template":"","meta":{"_joinchat":[]},"product_brand":[],"product_cat":[158,161,47],"product_tag":[106],"class_list":{"0":"post-1815","1":"product","2":"type-product","3":"status-publish","4":"has-post-thumbnail","6":"product_cat-accesorios","7":"product_cat-best-selling-products","8":"product_cat-tarjas","9":"product_tag-teka","11":"first","12":"outofstock","13":"shipping-taxable","14":"purchasable","15":"product-type-simple"},"_links":{"self":[{"href":"https:\/\/eltiosam.com.mx\/index.php\/wp-json\/wp\/v2\/product\/1815","targetHints":{"allow":["GET"]}}],"collection":[{"href":"https:\/\/eltiosam.com.mx\/index.php\/wp-json\/wp\/v2\/product"}],"about":[{"href":"https:\/\/eltiosam.com.mx\/index.php\/wp-json\/wp\/v2\/types\/product"}],"wp:featuredmedia":[{"embeddable":true,"href":"https:\/\/eltiosam.com.mx\/index.php\/wp-json\/wp\/v2\/media\/2143"}],"wp:attachment":[{"href":"https:\/\/eltiosam.com.mx\/index.php\/wp-json\/wp\/v2\/media?parent=1815"}],"wp:term":[{"taxonomy":"product_brand","embeddable":true,"href":"https:\/\/eltiosam.com.mx\/index.php\/wp-json\/wp\/v2\/product_brand?post=1815"},{"taxonomy":"product_cat","embeddable":true,"href":"https:\/\/eltiosam.com.mx\/index.php\/wp-json\/wp\/v2\/product_cat?post=1815"},{"taxonomy":"product_tag","embeddable":true,"href":"https:\/\/eltiosam.com.mx\/index.php\/wp-json\/wp\/v2\/product_tag?post=1815"}],"curies":[{"name":"wp","href":"https:\/\/api.w.org\/{rel}","templated":true}]}}