{"id":1814,"date":"2023-11-15T21:45:44","date_gmt":"2023-11-15T21:45:44","guid":{"rendered":"http:\/\/eltiosam.com.mx\/index.php\/product\/centro-de-lavado-whirlpool-7mwgt4027hw\/"},"modified":"2024-02-07T17:24:01","modified_gmt":"2024-02-07T17:24:01","slug":"centro-de-lavado-whirlpool-7mwgt4027hw","status":"publish","type":"product","link":"https:\/\/eltiosam.com.mx\/index.php\/product\/centro-de-lavado-whirlpool-7mwgt4027hw\/","title":{"rendered":"CENTRO DE LAVADO WHIRLPOOL 7MWGT4027HW"},"content":{"rendered":"<p><strong>Descripci\u00f3n:<\/strong> Con el centro de lavado Whirlpool 20 kg blanco 7MWGT4027HW, optimiza tu tiempo y esfuerzo al m\u00e1ximo. Este modelo est\u00e1 dise\u00f1ado para facilitar al m\u00e1ximo las labores de limpieza, ocupando poco espacio y ofreciendo programas de lavado y tipos de secado para adaptarse a tus necesidades. Disfruta de incre\u00edbles momentos con tus seres queridos mientras este centro de lavado se encarga de la colada. Con un dise\u00f1o especial y funciones avanzadas, este electrodom\u00e9stico se convertir\u00e1 en tu mejor aliado para el cuidado de la ropa.<\/p>\n","protected":false},"excerpt":{"rendered":"<p>Descripci\u00f3n: Con el centro de lavado Whirlpool 20 kg blanco 7MWGT4027HW, optimiza tu tiempo y esfuerzo al m\u00e1ximo. Este modelo est\u00e1 dise\u00f1ado para facilitar al m\u00e1ximo las labores de limpieza, ocupando poco espacio y ofreciendo programas de lavado y tipos de secado para adaptarse a tus necesidades. Disfruta de incre\u00edbles momentos con tus seres queridos [&hellip;]<\/p>\n","protected":false},"featured_media":2130,"template":"","meta":{"_joinchat":[]},"product_brand":[],"product_cat":[161,166,179],"product_tag":[204],"class_list":{"0":"post-1814","1":"product","2":"type-product","3":"status-publish","4":"has-post-thumbnail","6":"product_cat-best-selling-products","7":"product_cat-centros-de-lavado","8":"product_cat-lavadoras","9":"product_tag-whirlpool","11":"first","12":"outofstock","13":"shipping-taxable","14":"purchasable","15":"product-type-simple"},"_links":{"self":[{"href":"https:\/\/eltiosam.com.mx\/index.php\/wp-json\/wp\/v2\/product\/1814","targetHints":{"allow":["GET"]}}],"collection":[{"href":"https:\/\/eltiosam.com.mx\/index.php\/wp-json\/wp\/v2\/product"}],"about":[{"href":"https:\/\/eltiosam.com.mx\/index.php\/wp-json\/wp\/v2\/types\/product"}],"wp:featuredmedia":[{"embeddable":true,"href":"https:\/\/eltiosam.com.mx\/index.php\/wp-json\/wp\/v2\/media\/2130"}],"wp:attachment":[{"href":"https:\/\/eltiosam.com.mx\/index.php\/wp-json\/wp\/v2\/media?parent=1814"}],"wp:term":[{"taxonomy":"product_brand","embeddable":true,"href":"https:\/\/eltiosam.com.mx\/index.php\/wp-json\/wp\/v2\/product_brand?post=1814"},{"taxonomy":"product_cat","embeddable":true,"href":"https:\/\/eltiosam.com.mx\/index.php\/wp-json\/wp\/v2\/product_cat?post=1814"},{"taxonomy":"product_tag","embeddable":true,"href":"https:\/\/eltiosam.com.mx\/index.php\/wp-json\/wp\/v2\/product_tag?post=1814"}],"curies":[{"name":"wp","href":"https:\/\/api.w.org\/{rel}","templated":true}]}}