{"id":1793,"date":"2023-11-15T21:45:37","date_gmt":"2023-11-15T21:45:37","guid":{"rendered":"http:\/\/eltiosam.com.mx\/index.php\/product\/centro-de-lavado-lg-22kg-wk22bs6\/"},"modified":"2024-02-07T05:47:26","modified_gmt":"2024-02-07T05:47:26","slug":"centro-de-lavado-lg-22kg-wk22bs6","status":"publish","type":"product","link":"https:\/\/eltiosam.com.mx\/index.php\/product\/centro-de-lavado-lg-22kg-wk22bs6\/","title":{"rendered":"CENTRO DE LAVADO LG 22KG WK22BS6"},"content":{"rendered":"<p>Este centro de lavado LG se destaca por su integraci\u00f3n inteligente de lavadora y secadora en un solo equipo, su capacidad de personalizaci\u00f3n y control a trav\u00e9s de la tecnolog\u00eda AI DD y LG ThinQ, y su eficiencia en el lavado y secado. Su dise\u00f1o \u00fanico en torre es ideal para optimizar espacio sin sacrificar la capacidad y el rendimiento.<\/p>\n","protected":false},"excerpt":{"rendered":"<p>Este centro de lavado LG se destaca por su integraci\u00f3n inteligente de lavadora y secadora en un solo equipo, su capacidad de personalizaci\u00f3n y control a trav\u00e9s de la tecnolog\u00eda AI DD y LG ThinQ, y su eficiencia en el lavado y secado. Su dise\u00f1o \u00fanico en torre es ideal para optimizar espacio sin sacrificar [&hellip;]<\/p>\n","protected":false},"featured_media":2101,"template":"","meta":{"_joinchat":[]},"product_brand":[],"product_cat":[161,166,179],"product_tag":[208],"class_list":{"0":"post-1793","1":"product","2":"type-product","3":"status-publish","4":"has-post-thumbnail","6":"product_cat-best-selling-products","7":"product_cat-centros-de-lavado","8":"product_cat-lavadoras","9":"product_tag-lg","11":"first","12":"outofstock","13":"shipping-taxable","14":"purchasable","15":"product-type-simple"},"_links":{"self":[{"href":"https:\/\/eltiosam.com.mx\/index.php\/wp-json\/wp\/v2\/product\/1793","targetHints":{"allow":["GET"]}}],"collection":[{"href":"https:\/\/eltiosam.com.mx\/index.php\/wp-json\/wp\/v2\/product"}],"about":[{"href":"https:\/\/eltiosam.com.mx\/index.php\/wp-json\/wp\/v2\/types\/product"}],"wp:featuredmedia":[{"embeddable":true,"href":"https:\/\/eltiosam.com.mx\/index.php\/wp-json\/wp\/v2\/media\/2101"}],"wp:attachment":[{"href":"https:\/\/eltiosam.com.mx\/index.php\/wp-json\/wp\/v2\/media?parent=1793"}],"wp:term":[{"taxonomy":"product_brand","embeddable":true,"href":"https:\/\/eltiosam.com.mx\/index.php\/wp-json\/wp\/v2\/product_brand?post=1793"},{"taxonomy":"product_cat","embeddable":true,"href":"https:\/\/eltiosam.com.mx\/index.php\/wp-json\/wp\/v2\/product_cat?post=1793"},{"taxonomy":"product_tag","embeddable":true,"href":"https:\/\/eltiosam.com.mx\/index.php\/wp-json\/wp\/v2\/product_tag?post=1793"}],"curies":[{"name":"wp","href":"https:\/\/api.w.org\/{rel}","templated":true}]}}