{"id":1774,"date":"2023-11-15T21:45:32","date_gmt":"2023-11-15T21:45:32","guid":{"rendered":"http:\/\/eltiosam.com.mx\/index.php\/product\/cava-de-vinos-monogram-zdwr240nbs\/"},"modified":"2024-02-07T00:22:42","modified_gmt":"2024-02-07T00:22:42","slug":"cava-de-vinos-monogram-zdwr240nbs","status":"publish","type":"product","link":"https:\/\/eltiosam.com.mx\/index.php\/product\/cava-de-vinos-monogram-zdwr240nbs\/","title":{"rendered":"CAVA DE VINOS MONOGRAM ZDWR240NBS"},"content":{"rendered":"<div class=\"flex-1 overflow-hidden\">\n<div class=\"react-scroll-to-bottom--css-tnpcj-79elbk h-full\">\n<div class=\"react-scroll-to-bottom--css-tnpcj-1n7m0yu\">\n<div class=\"flex flex-col pb-9 text-sm\">\n<div class=\"w-full text-token-text-primary\" data-testid=\"conversation-turn-3\">\n<div class=\"px-4 py-2 justify-center text-base md:gap-6 m-auto\">\n<div class=\"flex flex-1 text-base mx-auto gap-3 md:px-5 lg:px-1 xl:px-5 md:max-w-3xl lg:max-w-[40rem] xl:max-w-[48rem] group final-completion\">\n<div class=\"relative flex w-full flex-col lg:w-[calc(100%-115px)] agent-turn\">\n<div class=\"flex-col gap-1 md:gap-3\">\n<div class=\"flex flex-grow flex-col max-w-full\">\n<div class=\"min-h-[20px] text-message flex flex-col items-start gap-3 whitespace-pre-wrap break-words [.text-message+&amp;]:mt-5 overflow-x-auto\" data-message-author-role=\"assistant\" data-message-id=\"46e6f5cf-4086-4d0a-9172-f4ea10dfa16e\">\n<div class=\"markdown prose w-full break-words dark:prose-invert light\">\n<p>Esta cava de vinos combina funcionalidad y est\u00e9tica, siendo una elecci\u00f3n excelente para los amantes del vino que buscan almacenar sus botellas en condiciones \u00f3ptimas y con un estilo sofisticado\u200b\u200b\u200b\u200b\u200b\u200b\u200b\u200b\u200b\u200b.<\/p>\n<\/div>\n<\/div>\n<\/div>\n<\/div>\n<\/div>\n<\/div>\n<\/div>\n<\/div>\n<\/div>\n<\/div>\n<\/div>\n<\/div>\n<div class=\"w-full pt-2 md:pt-0 dark:border-white\/20 md:border-transparent md:dark:border-transparent md:w-[calc(100%-.5rem)]\">\n<form class=\"stretch mx-2 flex flex-row gap-3 last:mb-2 md:mx-4 md:last:mb-6 lg:mx-auto lg:max-w-2xl xl:max-w-3xl\">\n<div class=\"relative flex h-full flex-1 items-stretch md:flex-col\">\n<div class=\"flex w-full items-center\"><\/div>\n<\/div>\n<\/form>\n<\/div>\n","protected":false},"excerpt":{"rendered":"<p>Esta cava de vinos combina funcionalidad y est\u00e9tica, siendo una elecci\u00f3n excelente para los amantes del vino que buscan almacenar sus botellas en condiciones \u00f3ptimas y con un estilo sofisticado\u200b\u200b\u200b\u200b\u200b\u200b\u200b\u200b\u200b\u200b.<\/p>\n","protected":false},"featured_media":2060,"template":"","meta":{"_joinchat":[]},"product_brand":[],"product_cat":[161,164,165,20],"product_tag":[79],"class_list":{"0":"post-1774","1":"product","2":"type-product","3":"status-publish","4":"has-post-thumbnail","6":"product_cat-best-selling-products","7":"product_cat-cavas","8":"product_cat-enfriadores-de-bebidas-frigobares","9":"product_cat-refrigeracion","10":"product_tag-monogram","12":"first","13":"outofstock","14":"shipping-taxable","15":"purchasable","16":"product-type-simple"},"_links":{"self":[{"href":"https:\/\/eltiosam.com.mx\/index.php\/wp-json\/wp\/v2\/product\/1774","targetHints":{"allow":["GET"]}}],"collection":[{"href":"https:\/\/eltiosam.com.mx\/index.php\/wp-json\/wp\/v2\/product"}],"about":[{"href":"https:\/\/eltiosam.com.mx\/index.php\/wp-json\/wp\/v2\/types\/product"}],"wp:featuredmedia":[{"embeddable":true,"href":"https:\/\/eltiosam.com.mx\/index.php\/wp-json\/wp\/v2\/media\/2060"}],"wp:attachment":[{"href":"https:\/\/eltiosam.com.mx\/index.php\/wp-json\/wp\/v2\/media?parent=1774"}],"wp:term":[{"taxonomy":"product_brand","embeddable":true,"href":"https:\/\/eltiosam.com.mx\/index.php\/wp-json\/wp\/v2\/product_brand?post=1774"},{"taxonomy":"product_cat","embeddable":true,"href":"https:\/\/eltiosam.com.mx\/index.php\/wp-json\/wp\/v2\/product_cat?post=1774"},{"taxonomy":"product_tag","embeddable":true,"href":"https:\/\/eltiosam.com.mx\/index.php\/wp-json\/wp\/v2\/product_tag?post=1774"}],"curies":[{"name":"wp","href":"https:\/\/api.w.org\/{rel}","templated":true}]}}