{"id":1762,"date":"2023-11-15T21:45:28","date_gmt":"2023-11-15T21:45:28","guid":{"rendered":"http:\/\/eltiosam.com.mx\/index.php\/product\/cava-de-vinos-ge-12-botellas-gw12xdbb\/"},"modified":"2024-02-07T00:16:41","modified_gmt":"2024-02-07T00:16:41","slug":"cava-de-vinos-ge-12-botellas-gw12xdbb","status":"publish","type":"product","link":"https:\/\/eltiosam.com.mx\/index.php\/product\/cava-de-vinos-ge-12-botellas-gw12xdbb\/","title":{"rendered":"CAVA DE VINOS GE 12 BOTELLAS GW12XDBB"},"content":{"rendered":"<p>Esta cava de vinos de GE es ideal para los amantes del vino que buscan una soluci\u00f3n pr\u00e1ctica y est\u00e9tica para mantener sus vinos a la temperatura adecuada, ya sea para almacenamiento a largo plazo o para tenerlos listos para servir.<\/p>\n","protected":false},"excerpt":{"rendered":"<p>Esta cava de vinos de GE es ideal para los amantes del vino que buscan una soluci\u00f3n pr\u00e1ctica y est\u00e9tica para mantener sus vinos a la temperatura adecuada, ya sea para almacenamiento a largo plazo o para tenerlos listos para servir.<\/p>\n","protected":false},"featured_media":2042,"template":"","meta":{"_joinchat":[]},"product_brand":[],"product_cat":[161,164,165,20],"product_tag":[57],"class_list":{"0":"post-1762","1":"product","2":"type-product","3":"status-publish","4":"has-post-thumbnail","6":"product_cat-best-selling-products","7":"product_cat-cavas","8":"product_cat-enfriadores-de-bebidas-frigobares","9":"product_cat-refrigeracion","10":"product_tag-ge","12":"first","13":"outofstock","14":"shipping-taxable","15":"purchasable","16":"product-type-simple"},"_links":{"self":[{"href":"https:\/\/eltiosam.com.mx\/index.php\/wp-json\/wp\/v2\/product\/1762","targetHints":{"allow":["GET"]}}],"collection":[{"href":"https:\/\/eltiosam.com.mx\/index.php\/wp-json\/wp\/v2\/product"}],"about":[{"href":"https:\/\/eltiosam.com.mx\/index.php\/wp-json\/wp\/v2\/types\/product"}],"wp:featuredmedia":[{"embeddable":true,"href":"https:\/\/eltiosam.com.mx\/index.php\/wp-json\/wp\/v2\/media\/2042"}],"wp:attachment":[{"href":"https:\/\/eltiosam.com.mx\/index.php\/wp-json\/wp\/v2\/media?parent=1762"}],"wp:term":[{"taxonomy":"product_brand","embeddable":true,"href":"https:\/\/eltiosam.com.mx\/index.php\/wp-json\/wp\/v2\/product_brand?post=1762"},{"taxonomy":"product_cat","embeddable":true,"href":"https:\/\/eltiosam.com.mx\/index.php\/wp-json\/wp\/v2\/product_cat?post=1762"},{"taxonomy":"product_tag","embeddable":true,"href":"https:\/\/eltiosam.com.mx\/index.php\/wp-json\/wp\/v2\/product_tag?post=1762"}],"curies":[{"name":"wp","href":"https:\/\/api.w.org\/{rel}","templated":true}]}}