{"id":1750,"date":"2023-11-15T21:45:26","date_gmt":"2023-11-15T21:45:26","guid":{"rendered":"http:\/\/eltiosam.com.mx\/index.php\/product\/cava-de-vino-whirlpool-ww3310s\/"},"modified":"2024-02-06T23:51:37","modified_gmt":"2024-02-06T23:51:37","slug":"cava-de-vino-whirlpool-ww3310s","status":"publish","type":"product","link":"https:\/\/eltiosam.com.mx\/index.php\/product\/cava-de-vino-whirlpool-ww3310s\/","title":{"rendered":"CAVA DE VINO WHIRLPOOL WW3310S"},"content":{"rendered":"<p>Esta cava de vinos Whirlpool combina elegancia y funcionalidad, proporcionando un espacio adecuado para conservar y exhibir tus vinos favoritos a la temperatura perfecta. Su dise\u00f1o moderno y vers\u00e1til la convierte en una excelente adici\u00f3n para cualquier cocina.<\/p>\n","protected":false},"excerpt":{"rendered":"<p>Esta cava de vinos Whirlpool combina elegancia y funcionalidad, proporcionando un espacio adecuado para conservar y exhibir tus vinos favoritos a la temperatura perfecta. Su dise\u00f1o moderno y vers\u00e1til la convierte en una excelente adici\u00f3n para cualquier cocina.<\/p>\n","protected":false},"featured_media":2021,"template":"","meta":{"_joinchat":[]},"product_brand":[],"product_cat":[161,164,165,20],"product_tag":[204],"class_list":{"0":"post-1750","1":"product","2":"type-product","3":"status-publish","4":"has-post-thumbnail","6":"product_cat-best-selling-products","7":"product_cat-cavas","8":"product_cat-enfriadores-de-bebidas-frigobares","9":"product_cat-refrigeracion","10":"product_tag-whirlpool","12":"first","13":"outofstock","14":"shipping-taxable","15":"purchasable","16":"product-type-simple"},"_links":{"self":[{"href":"https:\/\/eltiosam.com.mx\/index.php\/wp-json\/wp\/v2\/product\/1750","targetHints":{"allow":["GET"]}}],"collection":[{"href":"https:\/\/eltiosam.com.mx\/index.php\/wp-json\/wp\/v2\/product"}],"about":[{"href":"https:\/\/eltiosam.com.mx\/index.php\/wp-json\/wp\/v2\/types\/product"}],"wp:featuredmedia":[{"embeddable":true,"href":"https:\/\/eltiosam.com.mx\/index.php\/wp-json\/wp\/v2\/media\/2021"}],"wp:attachment":[{"href":"https:\/\/eltiosam.com.mx\/index.php\/wp-json\/wp\/v2\/media?parent=1750"}],"wp:term":[{"taxonomy":"product_brand","embeddable":true,"href":"https:\/\/eltiosam.com.mx\/index.php\/wp-json\/wp\/v2\/product_brand?post=1750"},{"taxonomy":"product_cat","embeddable":true,"href":"https:\/\/eltiosam.com.mx\/index.php\/wp-json\/wp\/v2\/product_cat?post=1750"},{"taxonomy":"product_tag","embeddable":true,"href":"https:\/\/eltiosam.com.mx\/index.php\/wp-json\/wp\/v2\/product_tag?post=1750"}],"curies":[{"name":"wp","href":"https:\/\/api.w.org\/{rel}","templated":true}]}}