{"id":1747,"date":"2023-11-15T21:45:25","date_gmt":"2023-11-15T21:45:25","guid":{"rendered":"http:\/\/eltiosam.com.mx\/index.php\/product\/cava-de-vino-whirlpool-ww2001b\/"},"modified":"2024-02-06T23:49:41","modified_gmt":"2024-02-06T23:49:41","slug":"cava-de-vino-whirlpool-ww2001b","status":"publish","type":"product","link":"https:\/\/eltiosam.com.mx\/index.php\/product\/cava-de-vino-whirlpool-ww2001b\/","title":{"rendered":"CAVA DE VINO WHIRLPOOL WW2001B"},"content":{"rendered":"<p>Esta cava de vinos de Whirlpool es perfecta para aquellos que buscan una soluci\u00f3n compacta y eficiente para mantener sus vinos a la temperatura ideal, en un electrodom\u00e9stico con un dise\u00f1o moderno y elegante\u200b\u200b\u200b\u200b\u200b\u200b.<\/p>\n","protected":false},"excerpt":{"rendered":"<p>Esta cava de vinos de Whirlpool es perfecta para aquellos que buscan una soluci\u00f3n compacta y eficiente para mantener sus vinos a la temperatura ideal, en un electrodom\u00e9stico con un dise\u00f1o moderno y elegante\u200b\u200b\u200b\u200b\u200b\u200b.<\/p>\n","protected":false},"featured_media":2004,"template":"","meta":{"_joinchat":[]},"product_brand":[],"product_cat":[161,164,165,20],"product_tag":[204],"class_list":{"0":"post-1747","1":"product","2":"type-product","3":"status-publish","4":"has-post-thumbnail","6":"product_cat-best-selling-products","7":"product_cat-cavas","8":"product_cat-enfriadores-de-bebidas-frigobares","9":"product_cat-refrigeracion","10":"product_tag-whirlpool","12":"first","13":"outofstock","14":"shipping-taxable","15":"purchasable","16":"product-type-simple"},"_links":{"self":[{"href":"https:\/\/eltiosam.com.mx\/index.php\/wp-json\/wp\/v2\/product\/1747","targetHints":{"allow":["GET"]}}],"collection":[{"href":"https:\/\/eltiosam.com.mx\/index.php\/wp-json\/wp\/v2\/product"}],"about":[{"href":"https:\/\/eltiosam.com.mx\/index.php\/wp-json\/wp\/v2\/types\/product"}],"wp:featuredmedia":[{"embeddable":true,"href":"https:\/\/eltiosam.com.mx\/index.php\/wp-json\/wp\/v2\/media\/2004"}],"wp:attachment":[{"href":"https:\/\/eltiosam.com.mx\/index.php\/wp-json\/wp\/v2\/media?parent=1747"}],"wp:term":[{"taxonomy":"product_brand","embeddable":true,"href":"https:\/\/eltiosam.com.mx\/index.php\/wp-json\/wp\/v2\/product_brand?post=1747"},{"taxonomy":"product_cat","embeddable":true,"href":"https:\/\/eltiosam.com.mx\/index.php\/wp-json\/wp\/v2\/product_cat?post=1747"},{"taxonomy":"product_tag","embeddable":true,"href":"https:\/\/eltiosam.com.mx\/index.php\/wp-json\/wp\/v2\/product_tag?post=1747"}],"curies":[{"name":"wp","href":"https:\/\/api.w.org\/{rel}","templated":true}]}}