{"id":1725,"date":"2023-11-15T21:45:14","date_gmt":"2023-11-15T21:45:14","guid":{"rendered":"http:\/\/eltiosam.com.mx\/index.php\/product\/campana-wolf-vw36b\/"},"modified":"2024-02-06T23:03:54","modified_gmt":"2024-02-06T23:03:54","slug":"campana-wolf-vw36b","status":"publish","type":"product","link":"https:\/\/eltiosam.com.mx\/index.php\/product\/campana-wolf-vw36b\/","title":{"rendered":"CAMPANA WOLF VW36B"},"content":{"rendered":"<p>Este modelo de campana de Wolf proporciona una ventilaci\u00f3n potente y un dise\u00f1o elegante, lo que lo hace perfecto para cocinas modernas con electrodom\u00e9sticos de cocina Wolf. Su construcci\u00f3n de grado profesional garantiza durabilidad y rendimiento, mientras que la iluminaci\u00f3n LED y los controles ajustables agregan comodidad y facilidad a la experiencia de cocci\u00f3n.<\/p>\n","protected":false},"excerpt":{"rendered":"<p>Este modelo de campana de Wolf proporciona una ventilaci\u00f3n potente y un dise\u00f1o elegante, lo que lo hace perfecto para cocinas modernas con electrodom\u00e9sticos de cocina Wolf. Su construcci\u00f3n de grado profesional garantiza durabilidad y rendimiento, mientras que la iluminaci\u00f3n LED y los controles ajustables agregan comodidad y facilidad a la experiencia de cocci\u00f3n.<\/p>\n","protected":false},"featured_media":1951,"template":"","meta":{"_joinchat":[]},"product_brand":[],"product_cat":[161,45,29,168],"product_tag":[75],"class_list":{"0":"post-1725","1":"product","2":"type-product","3":"status-publish","4":"has-post-thumbnail","6":"product_cat-best-selling-products","7":"product_cat-campanas","8":"product_cat-coccion","9":"product_cat-decorativas-de-pared","10":"product_tag-wolf","12":"first","13":"outofstock","14":"shipping-taxable","15":"purchasable","16":"product-type-simple"},"_links":{"self":[{"href":"https:\/\/eltiosam.com.mx\/index.php\/wp-json\/wp\/v2\/product\/1725","targetHints":{"allow":["GET"]}}],"collection":[{"href":"https:\/\/eltiosam.com.mx\/index.php\/wp-json\/wp\/v2\/product"}],"about":[{"href":"https:\/\/eltiosam.com.mx\/index.php\/wp-json\/wp\/v2\/types\/product"}],"wp:featuredmedia":[{"embeddable":true,"href":"https:\/\/eltiosam.com.mx\/index.php\/wp-json\/wp\/v2\/media\/1951"}],"wp:attachment":[{"href":"https:\/\/eltiosam.com.mx\/index.php\/wp-json\/wp\/v2\/media?parent=1725"}],"wp:term":[{"taxonomy":"product_brand","embeddable":true,"href":"https:\/\/eltiosam.com.mx\/index.php\/wp-json\/wp\/v2\/product_brand?post=1725"},{"taxonomy":"product_cat","embeddable":true,"href":"https:\/\/eltiosam.com.mx\/index.php\/wp-json\/wp\/v2\/product_cat?post=1725"},{"taxonomy":"product_tag","embeddable":true,"href":"https:\/\/eltiosam.com.mx\/index.php\/wp-json\/wp\/v2\/product_tag?post=1725"}],"curies":[{"name":"wp","href":"https:\/\/api.w.org\/{rel}","templated":true}]}}