{"id":1716,"date":"2023-11-15T21:45:09","date_gmt":"2023-11-15T21:45:09","guid":{"rendered":"http:\/\/eltiosam.com.mx\/index.php\/product\/campana-whirlpool-wvw75uc6ds\/"},"modified":"2024-02-06T21:13:01","modified_gmt":"2024-02-06T21:13:01","slug":"campana-whirlpool-wvw75uc6ds","status":"publish","type":"product","link":"https:\/\/eltiosam.com.mx\/index.php\/product\/campana-whirlpool-wvw75uc6ds\/","title":{"rendered":"CAMPANA WHIRLPOOL WVW75UC6DS"},"content":{"rendered":"<p><strong>Descripci\u00f3n del Producto:<\/strong> La Campana de Pared Whirlpool WVW75UC6DS est\u00e1 fabricada con acero inoxidable de excelente calidad, proporcionando durabilidad y f\u00e1cil limpieza. Con una capacidad de extracci\u00f3n de 680 metros c\u00fabicos por hora y tres niveles de velocidad, se adapta a tus necesidades de ventilaci\u00f3n en la cocina.Garant\u00eda: 1 a\u00f1o (todos los componentes).<\/p>\n","protected":false},"excerpt":{"rendered":"<p>Descripci\u00f3n del Producto: La Campana de Pared Whirlpool WVW75UC6DS est\u00e1 fabricada con acero inoxidable de excelente calidad, proporcionando durabilidad y f\u00e1cil limpieza. Con una capacidad de extracci\u00f3n de 680 metros c\u00fabicos por hora y tres niveles de velocidad, se adapta a tus necesidades de ventilaci\u00f3n en la cocina.Garant\u00eda: 1 a\u00f1o (todos los componentes).<\/p>\n","protected":false},"featured_media":1939,"template":"","meta":{"_joinchat":[]},"product_brand":[],"product_cat":[161,45,29,168],"product_tag":[204],"class_list":{"0":"post-1716","1":"product","2":"type-product","3":"status-publish","4":"has-post-thumbnail","6":"product_cat-best-selling-products","7":"product_cat-campanas","8":"product_cat-coccion","9":"product_cat-decorativas-de-pared","10":"product_tag-whirlpool","12":"first","13":"outofstock","14":"shipping-taxable","15":"purchasable","16":"product-type-simple"},"_links":{"self":[{"href":"https:\/\/eltiosam.com.mx\/index.php\/wp-json\/wp\/v2\/product\/1716","targetHints":{"allow":["GET"]}}],"collection":[{"href":"https:\/\/eltiosam.com.mx\/index.php\/wp-json\/wp\/v2\/product"}],"about":[{"href":"https:\/\/eltiosam.com.mx\/index.php\/wp-json\/wp\/v2\/types\/product"}],"wp:featuredmedia":[{"embeddable":true,"href":"https:\/\/eltiosam.com.mx\/index.php\/wp-json\/wp\/v2\/media\/1939"}],"wp:attachment":[{"href":"https:\/\/eltiosam.com.mx\/index.php\/wp-json\/wp\/v2\/media?parent=1716"}],"wp:term":[{"taxonomy":"product_brand","embeddable":true,"href":"https:\/\/eltiosam.com.mx\/index.php\/wp-json\/wp\/v2\/product_brand?post=1716"},{"taxonomy":"product_cat","embeddable":true,"href":"https:\/\/eltiosam.com.mx\/index.php\/wp-json\/wp\/v2\/product_cat?post=1716"},{"taxonomy":"product_tag","embeddable":true,"href":"https:\/\/eltiosam.com.mx\/index.php\/wp-json\/wp\/v2\/product_tag?post=1716"}],"curies":[{"name":"wp","href":"https:\/\/api.w.org\/{rel}","templated":true}]}}