{"id":1714,"date":"2023-11-15T21:45:08","date_gmt":"2023-11-15T21:45:08","guid":{"rendered":"http:\/\/eltiosam.com.mx\/index.php\/product\/campana-whirlpool-whw9500s\/"},"modified":"2024-02-06T21:10:04","modified_gmt":"2024-02-06T21:10:04","slug":"campana-whirlpool-whw9500s","status":"publish","type":"product","link":"https:\/\/eltiosam.com.mx\/index.php\/product\/campana-whirlpool-whw9500s\/","title":{"rendered":"CAMPANA WHIRLPOOL WHW9500S"},"content":{"rendered":"<p>Esta campana de Whirlpool est\u00e1 dise\u00f1ada para funcionalidad y estilo, integr\u00e1ndose perfectamente en una cocina moderna. Su eficiente poder de extracci\u00f3n y m\u00faltiples configuraciones de velocidad aseguran un ambiente de cocina limpio y libre de olores. El elegante acabado gris y la construcci\u00f3n en acero inoxidable proporcionan durabilidad y una est\u00e9tica elegante.<\/p>\n","protected":false},"excerpt":{"rendered":"<p>Esta campana de Whirlpool est\u00e1 dise\u00f1ada para funcionalidad y estilo, integr\u00e1ndose perfectamente en una cocina moderna. Su eficiente poder de extracci\u00f3n y m\u00faltiples configuraciones de velocidad aseguran un ambiente de cocina limpio y libre de olores. El elegante acabado gris y la construcci\u00f3n en acero inoxidable proporcionan durabilidad y una est\u00e9tica elegante.<\/p>\n","protected":false},"featured_media":1934,"template":"","meta":{"_joinchat":[]},"product_brand":[],"product_cat":[161,45,29,168],"product_tag":[204],"class_list":{"0":"post-1714","1":"product","2":"type-product","3":"status-publish","4":"has-post-thumbnail","6":"product_cat-best-selling-products","7":"product_cat-campanas","8":"product_cat-coccion","9":"product_cat-decorativas-de-pared","10":"product_tag-whirlpool","12":"first","13":"outofstock","14":"shipping-taxable","15":"purchasable","16":"product-type-simple"},"_links":{"self":[{"href":"https:\/\/eltiosam.com.mx\/index.php\/wp-json\/wp\/v2\/product\/1714","targetHints":{"allow":["GET"]}}],"collection":[{"href":"https:\/\/eltiosam.com.mx\/index.php\/wp-json\/wp\/v2\/product"}],"about":[{"href":"https:\/\/eltiosam.com.mx\/index.php\/wp-json\/wp\/v2\/types\/product"}],"wp:featuredmedia":[{"embeddable":true,"href":"https:\/\/eltiosam.com.mx\/index.php\/wp-json\/wp\/v2\/media\/1934"}],"wp:attachment":[{"href":"https:\/\/eltiosam.com.mx\/index.php\/wp-json\/wp\/v2\/media?parent=1714"}],"wp:term":[{"taxonomy":"product_brand","embeddable":true,"href":"https:\/\/eltiosam.com.mx\/index.php\/wp-json\/wp\/v2\/product_brand?post=1714"},{"taxonomy":"product_cat","embeddable":true,"href":"https:\/\/eltiosam.com.mx\/index.php\/wp-json\/wp\/v2\/product_cat?post=1714"},{"taxonomy":"product_tag","embeddable":true,"href":"https:\/\/eltiosam.com.mx\/index.php\/wp-json\/wp\/v2\/product_tag?post=1714"}],"curies":[{"name":"wp","href":"https:\/\/api.w.org\/{rel}","templated":true}]}}