{"id":1712,"date":"2023-11-15T21:45:07","date_gmt":"2023-11-15T21:45:07","guid":{"rendered":"http:\/\/eltiosam.com.mx\/index.php\/product\/campana-whirlpool-whw9001s\/"},"modified":"2024-02-06T21:07:32","modified_gmt":"2024-02-06T21:07:32","slug":"campana-whirlpool-whw9001s","status":"publish","type":"product","link":"https:\/\/eltiosam.com.mx\/index.php\/product\/campana-whirlpool-whw9001s\/","title":{"rendered":"CAMPANA WHIRLPOOL WHW9001S"},"content":{"rendered":"<p>Esta campana Whirlpool es una excelente elecci\u00f3n para aquellos que buscan una soluci\u00f3n eficiente y est\u00e9ticamente agradable para mantener su cocina libre de olores y vapores. Con su capacidad de extracci\u00f3n, opciones de velocidad ajustables y dise\u00f1o moderno, complementar\u00e1 el estilo de cualquier cocina.<\/p>\n","protected":false},"excerpt":{"rendered":"<p>Esta campana Whirlpool es una excelente elecci\u00f3n para aquellos que buscan una soluci\u00f3n eficiente y est\u00e9ticamente agradable para mantener su cocina libre de olores y vapores. Con su capacidad de extracci\u00f3n, opciones de velocidad ajustables y dise\u00f1o moderno, complementar\u00e1 el estilo de cualquier cocina.<\/p>\n","protected":false},"featured_media":1928,"template":"","meta":{"_joinchat":[]},"product_brand":[],"product_cat":[161,45,29,168],"product_tag":[204],"class_list":{"0":"post-1712","1":"product","2":"type-product","3":"status-publish","4":"has-post-thumbnail","6":"product_cat-best-selling-products","7":"product_cat-campanas","8":"product_cat-coccion","9":"product_cat-decorativas-de-pared","10":"product_tag-whirlpool","12":"first","13":"outofstock","14":"shipping-taxable","15":"purchasable","16":"product-type-simple"},"_links":{"self":[{"href":"https:\/\/eltiosam.com.mx\/index.php\/wp-json\/wp\/v2\/product\/1712","targetHints":{"allow":["GET"]}}],"collection":[{"href":"https:\/\/eltiosam.com.mx\/index.php\/wp-json\/wp\/v2\/product"}],"about":[{"href":"https:\/\/eltiosam.com.mx\/index.php\/wp-json\/wp\/v2\/types\/product"}],"wp:featuredmedia":[{"embeddable":true,"href":"https:\/\/eltiosam.com.mx\/index.php\/wp-json\/wp\/v2\/media\/1928"}],"wp:attachment":[{"href":"https:\/\/eltiosam.com.mx\/index.php\/wp-json\/wp\/v2\/media?parent=1712"}],"wp:term":[{"taxonomy":"product_brand","embeddable":true,"href":"https:\/\/eltiosam.com.mx\/index.php\/wp-json\/wp\/v2\/product_brand?post=1712"},{"taxonomy":"product_cat","embeddable":true,"href":"https:\/\/eltiosam.com.mx\/index.php\/wp-json\/wp\/v2\/product_cat?post=1712"},{"taxonomy":"product_tag","embeddable":true,"href":"https:\/\/eltiosam.com.mx\/index.php\/wp-json\/wp\/v2\/product_tag?post=1712"}],"curies":[{"name":"wp","href":"https:\/\/api.w.org\/{rel}","templated":true}]}}