{"id":1710,"date":"2023-11-15T21:45:05","date_gmt":"2023-11-15T21:45:05","guid":{"rendered":"http:\/\/eltiosam.com.mx\/index.php\/product\/campana-whirlpool-whi9915s\/"},"modified":"2024-02-06T21:04:52","modified_gmt":"2024-02-06T21:04:52","slug":"campana-whirlpool-whi9915s","status":"publish","type":"product","link":"https:\/\/eltiosam.com.mx\/index.php\/product\/campana-whirlpool-whi9915s\/","title":{"rendered":"CAMPANA WHIRLPOOL WHI9915S"},"content":{"rendered":"<p>Esta campana de Whirlpool est\u00e1 dise\u00f1ada para ser el centro de atenci\u00f3n en cualquier cocina moderna, con su estilo de montaje en isla y elegante acabado en gris. La alta capacidad de extracci\u00f3n y m\u00faltiples configuraciones de velocidad, incluyendo una funci\u00f3n Turbo\/Boost, aseguran un ambiente de cocina limpio y libre de olores. La avanzada tecnolog\u00eda de filtraci\u00f3n, con un filtro atrapa grasa de aluminio lavable y un filtro de carb\u00f3n activado de larga duraci\u00f3n, ofrece un mantenimiento eficiente y sencillo.<\/p>\n","protected":false},"excerpt":{"rendered":"<p>Esta campana de Whirlpool est\u00e1 dise\u00f1ada para ser el centro de atenci\u00f3n en cualquier cocina moderna, con su estilo de montaje en isla y elegante acabado en gris. La alta capacidad de extracci\u00f3n y m\u00faltiples configuraciones de velocidad, incluyendo una funci\u00f3n Turbo\/Boost, aseguran un ambiente de cocina limpio y libre de olores. La avanzada tecnolog\u00eda [&hellip;]<\/p>\n","protected":false},"featured_media":1915,"template":"","meta":{"_joinchat":[]},"product_brand":[],"product_cat":[161,45,29,167],"product_tag":[204],"class_list":{"0":"post-1710","1":"product","2":"type-product","3":"status-publish","4":"has-post-thumbnail","6":"product_cat-best-selling-products","7":"product_cat-campanas","8":"product_cat-coccion","9":"product_cat-decorativas-de-isla","10":"product_tag-whirlpool","12":"first","13":"outofstock","14":"shipping-taxable","15":"purchasable","16":"product-type-simple"},"_links":{"self":[{"href":"https:\/\/eltiosam.com.mx\/index.php\/wp-json\/wp\/v2\/product\/1710","targetHints":{"allow":["GET"]}}],"collection":[{"href":"https:\/\/eltiosam.com.mx\/index.php\/wp-json\/wp\/v2\/product"}],"about":[{"href":"https:\/\/eltiosam.com.mx\/index.php\/wp-json\/wp\/v2\/types\/product"}],"wp:featuredmedia":[{"embeddable":true,"href":"https:\/\/eltiosam.com.mx\/index.php\/wp-json\/wp\/v2\/media\/1915"}],"wp:attachment":[{"href":"https:\/\/eltiosam.com.mx\/index.php\/wp-json\/wp\/v2\/media?parent=1710"}],"wp:term":[{"taxonomy":"product_brand","embeddable":true,"href":"https:\/\/eltiosam.com.mx\/index.php\/wp-json\/wp\/v2\/product_brand?post=1710"},{"taxonomy":"product_cat","embeddable":true,"href":"https:\/\/eltiosam.com.mx\/index.php\/wp-json\/wp\/v2\/product_cat?post=1710"},{"taxonomy":"product_tag","embeddable":true,"href":"https:\/\/eltiosam.com.mx\/index.php\/wp-json\/wp\/v2\/product_tag?post=1710"}],"curies":[{"name":"wp","href":"https:\/\/api.w.org\/{rel}","templated":true}]}}