{"id":1699,"date":"2023-11-15T21:45:00","date_gmt":"2023-11-15T21:45:00","guid":{"rendered":"http:\/\/eltiosam.com.mx\/index.php\/product\/campana-teka-nc2-90\/"},"modified":"2024-02-06T20:44:40","modified_gmt":"2024-02-06T20:44:40","slug":"campana-teka-nc2-90","status":"publish","type":"product","link":"https:\/\/eltiosam.com.mx\/index.php\/product\/campana-teka-nc2-90\/","title":{"rendered":"CAMPANA TEKA NC2 90"},"content":{"rendered":"<p>Las campanas de la marca alemana Teka, ya sean de isla, pared o empotrables, garantizan la calidad de fabricaci\u00f3n y cuentan con sistemas de extracci\u00f3n y purificaci\u00f3n para mantener el aire limpio. Adem\u00e1s, presentan dise\u00f1os exclusivos para brindar el toque final que tu cocina necesita.<\/p>\n","protected":false},"excerpt":{"rendered":"<p>Las campanas de la marca alemana Teka, ya sean de isla, pared o empotrables, garantizan la calidad de fabricaci\u00f3n y cuentan con sistemas de extracci\u00f3n y purificaci\u00f3n para mantener el aire limpio. Adem\u00e1s, presentan dise\u00f1os exclusivos para brindar el toque final que tu cocina necesita.<\/p>\n","protected":false},"featured_media":1881,"template":"","meta":{"_joinchat":[]},"product_brand":[],"product_cat":[161,45,29,168],"product_tag":[106],"class_list":{"0":"post-1699","1":"product","2":"type-product","3":"status-publish","4":"has-post-thumbnail","6":"product_cat-best-selling-products","7":"product_cat-campanas","8":"product_cat-coccion","9":"product_cat-decorativas-de-pared","10":"product_tag-teka","12":"first","13":"outofstock","14":"shipping-taxable","15":"purchasable","16":"product-type-simple"},"_links":{"self":[{"href":"https:\/\/eltiosam.com.mx\/index.php\/wp-json\/wp\/v2\/product\/1699","targetHints":{"allow":["GET"]}}],"collection":[{"href":"https:\/\/eltiosam.com.mx\/index.php\/wp-json\/wp\/v2\/product"}],"about":[{"href":"https:\/\/eltiosam.com.mx\/index.php\/wp-json\/wp\/v2\/types\/product"}],"wp:featuredmedia":[{"embeddable":true,"href":"https:\/\/eltiosam.com.mx\/index.php\/wp-json\/wp\/v2\/media\/1881"}],"wp:attachment":[{"href":"https:\/\/eltiosam.com.mx\/index.php\/wp-json\/wp\/v2\/media?parent=1699"}],"wp:term":[{"taxonomy":"product_brand","embeddable":true,"href":"https:\/\/eltiosam.com.mx\/index.php\/wp-json\/wp\/v2\/product_brand?post=1699"},{"taxonomy":"product_cat","embeddable":true,"href":"https:\/\/eltiosam.com.mx\/index.php\/wp-json\/wp\/v2\/product_cat?post=1699"},{"taxonomy":"product_tag","embeddable":true,"href":"https:\/\/eltiosam.com.mx\/index.php\/wp-json\/wp\/v2\/product_tag?post=1699"}],"curies":[{"name":"wp","href":"https:\/\/api.w.org\/{rel}","templated":true}]}}