{"id":1695,"date":"2023-11-15T21:44:57","date_gmt":"2023-11-15T21:44:57","guid":{"rendered":"http:\/\/eltiosam.com.mx\/index.php\/product\/campana-slider-ac90\/"},"modified":"2024-02-06T19:19:58","modified_gmt":"2024-02-06T19:19:58","slug":"campana-slider-ac90","status":"publish","type":"product","link":"https:\/\/eltiosam.com.mx\/index.php\/product\/campana-slider-ac90\/","title":{"rendered":"Campana Tecnolam SLIDER.AC90"},"content":{"rendered":"<p class=\"tea-single-product__title\"><strong>Descripci\u00f3n<\/strong><\/p>\n<p>Los electrodom\u00e9sticos de la marca italiana\u00a0<strong>Tecnolam<\/strong>\u00a0fusionan calidad, practicidad y dise\u00f1os de vanguardia, todas las campanas cuentan con sistema de extracci\u00f3n y purificaci\u00f3n para mantener limpio el aire.<\/p>\n","protected":false},"excerpt":{"rendered":"<p>Descripci\u00f3n Los electrodom\u00e9sticos de la marca italiana\u00a0Tecnolam\u00a0fusionan calidad, practicidad y dise\u00f1os de vanguardia, todas las campanas cuentan con sistema de extracci\u00f3n y purificaci\u00f3n para mantener limpio el aire.<\/p>\n","protected":false},"featured_media":7019,"template":"","meta":{"_joinchat":[]},"product_brand":[],"product_cat":[161,45,29],"product_tag":[30],"class_list":{"0":"post-1695","1":"product","2":"type-product","3":"status-publish","4":"has-post-thumbnail","6":"product_cat-best-selling-products","7":"product_cat-campanas","8":"product_cat-coccion","9":"product_tag-tecnolam","11":"first","12":"outofstock","13":"shipping-taxable","14":"purchasable","15":"product-type-simple"},"_links":{"self":[{"href":"https:\/\/eltiosam.com.mx\/index.php\/wp-json\/wp\/v2\/product\/1695","targetHints":{"allow":["GET"]}}],"collection":[{"href":"https:\/\/eltiosam.com.mx\/index.php\/wp-json\/wp\/v2\/product"}],"about":[{"href":"https:\/\/eltiosam.com.mx\/index.php\/wp-json\/wp\/v2\/types\/product"}],"wp:featuredmedia":[{"embeddable":true,"href":"https:\/\/eltiosam.com.mx\/index.php\/wp-json\/wp\/v2\/media\/7019"}],"wp:attachment":[{"href":"https:\/\/eltiosam.com.mx\/index.php\/wp-json\/wp\/v2\/media?parent=1695"}],"wp:term":[{"taxonomy":"product_brand","embeddable":true,"href":"https:\/\/eltiosam.com.mx\/index.php\/wp-json\/wp\/v2\/product_brand?post=1695"},{"taxonomy":"product_cat","embeddable":true,"href":"https:\/\/eltiosam.com.mx\/index.php\/wp-json\/wp\/v2\/product_cat?post=1695"},{"taxonomy":"product_tag","embeddable":true,"href":"https:\/\/eltiosam.com.mx\/index.php\/wp-json\/wp\/v2\/product_tag?post=1695"}],"curies":[{"name":"wp","href":"https:\/\/api.w.org\/{rel}","templated":true}]}}