{"id":1676,"date":"2023-11-15T21:44:46","date_gmt":"2023-11-15T21:44:46","guid":{"rendered":"http:\/\/eltiosam.com.mx\/index.php\/product\/campana-kitchen-aid-uvl6048jss\/"},"modified":"2024-02-06T04:48:00","modified_gmt":"2024-02-06T04:48:00","slug":"campana-kitchen-aid-uvl6048jss","status":"publish","type":"product","link":"https:\/\/eltiosam.com.mx\/index.php\/product\/campana-kitchen-aid-uvl6048jss\/","title":{"rendered":"CAMPANA KITCHEN AID UVL6048JSS"},"content":{"rendered":"<p><strong>Descripci\u00f3n:<\/strong> La Campana de Ventilaci\u00f3n KitchenAid UVL6048JSS de 48&#8221; es perfecta para integrarse de manera elegante en una preparaci\u00f3n para ventilaci\u00f3n, aportando un toque sofisticado a tu cocina. Dise\u00f1ada para trabajar con productos de estilo comercial, ofrece la posibilidad de incorporar un motor de 1,200 CFM (se vende por separado).La Campana KitchenAid UVL6048JSS combina funcionalidad y elegancia, ofreciendo un rendimiento potente y un dise\u00f1o que se integra de manera discreta en tu cocina. Con controles manuales y una variedad de caracter\u00edsticas, esta campana proporciona una soluci\u00f3n eficiente y estilizada para mantener tu espacio culinario limpio y fresco.<\/p>\n","protected":false},"excerpt":{"rendered":"<p>Descripci\u00f3n: La Campana de Ventilaci\u00f3n KitchenAid UVL6048JSS de 48&#8221; es perfecta para integrarse de manera elegante en una preparaci\u00f3n para ventilaci\u00f3n, aportando un toque sofisticado a tu cocina. Dise\u00f1ada para trabajar con productos de estilo comercial, ofrece la posibilidad de incorporar un motor de 1,200 CFM (se vende por separado).La Campana KitchenAid UVL6048JSS combina funcionalidad [&hellip;]<\/p>\n","protected":false},"featured_media":1832,"template":"","meta":{"_joinchat":[]},"product_brand":[],"product_cat":[160,161,45,29],"product_tag":[39],"class_list":{"0":"post-1676","1":"product","2":"type-product","3":"status-publish","4":"has-post-thumbnail","6":"product_cat-bajo-alacena","7":"product_cat-best-selling-products","8":"product_cat-campanas","9":"product_cat-coccion","10":"product_tag-kitchen-aid","12":"first","13":"outofstock","14":"shipping-taxable","15":"purchasable","16":"product-type-simple"},"_links":{"self":[{"href":"https:\/\/eltiosam.com.mx\/index.php\/wp-json\/wp\/v2\/product\/1676","targetHints":{"allow":["GET"]}}],"collection":[{"href":"https:\/\/eltiosam.com.mx\/index.php\/wp-json\/wp\/v2\/product"}],"about":[{"href":"https:\/\/eltiosam.com.mx\/index.php\/wp-json\/wp\/v2\/types\/product"}],"wp:featuredmedia":[{"embeddable":true,"href":"https:\/\/eltiosam.com.mx\/index.php\/wp-json\/wp\/v2\/media\/1832"}],"wp:attachment":[{"href":"https:\/\/eltiosam.com.mx\/index.php\/wp-json\/wp\/v2\/media?parent=1676"}],"wp:term":[{"taxonomy":"product_brand","embeddable":true,"href":"https:\/\/eltiosam.com.mx\/index.php\/wp-json\/wp\/v2\/product_brand?post=1676"},{"taxonomy":"product_cat","embeddable":true,"href":"https:\/\/eltiosam.com.mx\/index.php\/wp-json\/wp\/v2\/product_cat?post=1676"},{"taxonomy":"product_tag","embeddable":true,"href":"https:\/\/eltiosam.com.mx\/index.php\/wp-json\/wp\/v2\/product_tag?post=1676"}],"curies":[{"name":"wp","href":"https:\/\/api.w.org\/{rel}","templated":true}]}}