{"id":1674,"date":"2023-11-15T21:44:45","date_gmt":"2023-11-15T21:44:45","guid":{"rendered":"http:\/\/eltiosam.com.mx\/index.php\/product\/campana-kitchen-aid-kxd4636yss\/"},"modified":"2024-02-06T04:41:52","modified_gmt":"2024-02-06T04:41:52","slug":"campana-kitchen-aid-kxd4636yss","status":"publish","type":"product","link":"https:\/\/eltiosam.com.mx\/index.php\/product\/campana-kitchen-aid-kxd4636yss\/","title":{"rendered":"CAMPANA KITCHEN AID KXD4636YSS"},"content":{"rendered":"<p>La Campana KitchenAid KXD4636YSS no solo ofrece un dise\u00f1o est\u00e9ticamente agradable sino tambi\u00e9n funcionalidades como la retracci\u00f3n sobre la cubierta, cubiertas de ajuste intercambiables y la conveniente funci\u00f3n de autoencendido. Su sistema de extracci\u00f3n reversible y las opciones de velocidad hacen de esta campana una adici\u00f3n vers\u00e1til y eficiente para tu cocina.<\/p>\n","protected":false},"excerpt":{"rendered":"<p>La Campana KitchenAid KXD4636YSS no solo ofrece un dise\u00f1o est\u00e9ticamente agradable sino tambi\u00e9n funcionalidades como la retracci\u00f3n sobre la cubierta, cubiertas de ajuste intercambiables y la conveniente funci\u00f3n de autoencendido. Su sistema de extracci\u00f3n reversible y las opciones de velocidad hacen de esta campana una adici\u00f3n vers\u00e1til y eficiente para tu cocina.<\/p>\n","protected":false},"featured_media":1828,"template":"","meta":{"_joinchat":[]},"product_brand":[],"product_cat":[161,45,29,167],"product_tag":[39],"class_list":{"0":"post-1674","1":"product","2":"type-product","3":"status-publish","4":"has-post-thumbnail","6":"product_cat-best-selling-products","7":"product_cat-campanas","8":"product_cat-coccion","9":"product_cat-decorativas-de-isla","10":"product_tag-kitchen-aid","12":"first","13":"outofstock","14":"shipping-taxable","15":"purchasable","16":"product-type-simple"},"_links":{"self":[{"href":"https:\/\/eltiosam.com.mx\/index.php\/wp-json\/wp\/v2\/product\/1674","targetHints":{"allow":["GET"]}}],"collection":[{"href":"https:\/\/eltiosam.com.mx\/index.php\/wp-json\/wp\/v2\/product"}],"about":[{"href":"https:\/\/eltiosam.com.mx\/index.php\/wp-json\/wp\/v2\/types\/product"}],"wp:featuredmedia":[{"embeddable":true,"href":"https:\/\/eltiosam.com.mx\/index.php\/wp-json\/wp\/v2\/media\/1828"}],"wp:attachment":[{"href":"https:\/\/eltiosam.com.mx\/index.php\/wp-json\/wp\/v2\/media?parent=1674"}],"wp:term":[{"taxonomy":"product_brand","embeddable":true,"href":"https:\/\/eltiosam.com.mx\/index.php\/wp-json\/wp\/v2\/product_brand?post=1674"},{"taxonomy":"product_cat","embeddable":true,"href":"https:\/\/eltiosam.com.mx\/index.php\/wp-json\/wp\/v2\/product_cat?post=1674"},{"taxonomy":"product_tag","embeddable":true,"href":"https:\/\/eltiosam.com.mx\/index.php\/wp-json\/wp\/v2\/product_tag?post=1674"}],"curies":[{"name":"wp","href":"https:\/\/api.w.org\/{rel}","templated":true}]}}