{"id":1626,"date":"2023-11-15T21:44:18","date_gmt":"2023-11-15T21:44:18","guid":{"rendered":"http:\/\/eltiosam.com.mx\/index.php\/product\/campana-de-pared-teka-80cm-tmx-80-plus-inox\/"},"modified":"2024-02-05T19:42:16","modified_gmt":"2024-02-05T19:42:16","slug":"campana-de-pared-teka-80cm-tmx-80-plus-inox","status":"publish","type":"product","link":"https:\/\/eltiosam.com.mx\/index.php\/product\/campana-de-pared-teka-80cm-tmx-80-plus-inox\/","title":{"rendered":"CAMPANA DE PARED TEKA 80CM TMX 80 PLUS INOX"},"content":{"rendered":"<p>La campana de pared Teka TMX 80 Plus Inox es un electrodom\u00e9stico dise\u00f1ado para proporcionar funcionalidad y estilo a la cocina, La campana Teka TMX 80 Plus Inox ofrece una combinaci\u00f3n de caracter\u00edsticas como iluminaci\u00f3n LED, m\u00faltiples velocidades de extracci\u00f3n, filtros lavables y una construcci\u00f3n de acero inoxidable, lo que la convierte en una opci\u00f3n funcional y est\u00e9ticamente agradable para la cocina.<\/p>\n","protected":false},"excerpt":{"rendered":"<p>La campana de pared Teka TMX 80 Plus Inox es un electrodom\u00e9stico dise\u00f1ado para proporcionar funcionalidad y estilo a la cocina, La campana Teka TMX 80 Plus Inox ofrece una combinaci\u00f3n de caracter\u00edsticas como iluminaci\u00f3n LED, m\u00faltiples velocidades de extracci\u00f3n, filtros lavables y una construcci\u00f3n de acero inoxidable, lo que la convierte en una opci\u00f3n [&hellip;]<\/p>\n","protected":false},"featured_media":1705,"template":"","meta":{"_joinchat":[]},"product_brand":[],"product_cat":[161,45,29],"product_tag":[106],"class_list":{"0":"post-1626","1":"product","2":"type-product","3":"status-publish","4":"has-post-thumbnail","6":"product_cat-best-selling-products","7":"product_cat-campanas","8":"product_cat-coccion","9":"product_tag-teka","11":"first","12":"outofstock","13":"shipping-taxable","14":"purchasable","15":"product-type-simple"},"_links":{"self":[{"href":"https:\/\/eltiosam.com.mx\/index.php\/wp-json\/wp\/v2\/product\/1626","targetHints":{"allow":["GET"]}}],"collection":[{"href":"https:\/\/eltiosam.com.mx\/index.php\/wp-json\/wp\/v2\/product"}],"about":[{"href":"https:\/\/eltiosam.com.mx\/index.php\/wp-json\/wp\/v2\/types\/product"}],"wp:featuredmedia":[{"embeddable":true,"href":"https:\/\/eltiosam.com.mx\/index.php\/wp-json\/wp\/v2\/media\/1705"}],"wp:attachment":[{"href":"https:\/\/eltiosam.com.mx\/index.php\/wp-json\/wp\/v2\/media?parent=1626"}],"wp:term":[{"taxonomy":"product_brand","embeddable":true,"href":"https:\/\/eltiosam.com.mx\/index.php\/wp-json\/wp\/v2\/product_brand?post=1626"},{"taxonomy":"product_cat","embeddable":true,"href":"https:\/\/eltiosam.com.mx\/index.php\/wp-json\/wp\/v2\/product_cat?post=1626"},{"taxonomy":"product_tag","embeddable":true,"href":"https:\/\/eltiosam.com.mx\/index.php\/wp-json\/wp\/v2\/product_tag?post=1626"}],"curies":[{"name":"wp","href":"https:\/\/api.w.org\/{rel}","templated":true}]}}