{"id":1619,"date":"2023-11-15T21:44:14","date_gmt":"2023-11-15T21:44:14","guid":{"rendered":"http:\/\/eltiosam.com.mx\/index.php\/product\/campana-de-pared-teka-80cm-c8310-inox\/"},"modified":"2024-02-05T19:29:20","modified_gmt":"2024-02-05T19:29:20","slug":"campana-de-pared-teka-80cm-c8310-inox","status":"publish","type":"product","link":"https:\/\/eltiosam.com.mx\/index.php\/product\/campana-de-pared-teka-80cm-c8310-inox\/","title":{"rendered":"CAMPANA DE PARED TEKA 80CM C8310 INOX"},"content":{"rendered":"<p>La Campana de Pared Teka 80cm C8310 Inox es una opci\u00f3n destacada para mantener el aire limpio en tu cocina, combinando funcionalidad y est\u00e9tica. La Campana de Pared Teka 80cm C8310 Inox ofrece un rendimiento potente, dise\u00f1o exclusivo, y caracter\u00edsticas como iluminaci\u00f3n adecuada, filtros lavables y opciones de velocidad. Su construcci\u00f3n en acero inoxidable y visera de cristal la convierten en una elecci\u00f3n estilizada y funcional para tu cocina.<\/p>\n","protected":false},"excerpt":{"rendered":"<p>La Campana de Pared Teka 80cm C8310 Inox es una opci\u00f3n destacada para mantener el aire limpio en tu cocina, combinando funcionalidad y est\u00e9tica. La Campana de Pared Teka 80cm C8310 Inox ofrece un rendimiento potente, dise\u00f1o exclusivo, y caracter\u00edsticas como iluminaci\u00f3n adecuada, filtros lavables y opciones de velocidad. Su construcci\u00f3n en acero inoxidable y [&hellip;]<\/p>\n","protected":false},"featured_media":1697,"template":"","meta":{"_joinchat":[]},"product_brand":[],"product_cat":[161,45,29],"product_tag":[106],"class_list":{"0":"post-1619","1":"product","2":"type-product","3":"status-publish","4":"has-post-thumbnail","6":"product_cat-best-selling-products","7":"product_cat-campanas","8":"product_cat-coccion","9":"product_tag-teka","11":"first","12":"outofstock","13":"shipping-taxable","14":"purchasable","15":"product-type-simple"},"_links":{"self":[{"href":"https:\/\/eltiosam.com.mx\/index.php\/wp-json\/wp\/v2\/product\/1619","targetHints":{"allow":["GET"]}}],"collection":[{"href":"https:\/\/eltiosam.com.mx\/index.php\/wp-json\/wp\/v2\/product"}],"about":[{"href":"https:\/\/eltiosam.com.mx\/index.php\/wp-json\/wp\/v2\/types\/product"}],"wp:featuredmedia":[{"embeddable":true,"href":"https:\/\/eltiosam.com.mx\/index.php\/wp-json\/wp\/v2\/media\/1697"}],"wp:attachment":[{"href":"https:\/\/eltiosam.com.mx\/index.php\/wp-json\/wp\/v2\/media?parent=1619"}],"wp:term":[{"taxonomy":"product_brand","embeddable":true,"href":"https:\/\/eltiosam.com.mx\/index.php\/wp-json\/wp\/v2\/product_brand?post=1619"},{"taxonomy":"product_cat","embeddable":true,"href":"https:\/\/eltiosam.com.mx\/index.php\/wp-json\/wp\/v2\/product_cat?post=1619"},{"taxonomy":"product_tag","embeddable":true,"href":"https:\/\/eltiosam.com.mx\/index.php\/wp-json\/wp\/v2\/product_tag?post=1619"}],"curies":[{"name":"wp","href":"https:\/\/api.w.org\/{rel}","templated":true}]}}