{"id":1614,"date":"2023-11-15T21:44:12","date_gmt":"2023-11-15T21:44:12","guid":{"rendered":"http:\/\/eltiosam.com.mx\/index.php\/product\/campana-de-pared-teka-76cm-c7310-inox\/"},"modified":"2024-02-05T19:20:52","modified_gmt":"2024-02-05T19:20:52","slug":"campana-de-pared-teka-76cm-c7310-inox","status":"publish","type":"product","link":"https:\/\/eltiosam.com.mx\/index.php\/product\/campana-de-pared-teka-76cm-c7310-inox\/","title":{"rendered":"CAMPANA DE PARED TEKA 76CM C7310 INOX"},"content":{"rendered":"<p>La Campana de Pared Teka 76cm C7310 Inox es una opci\u00f3n funcional y estilizada para cocinas modernas. la Campana de Pared Teka 76cm C7310 Inox ofrece un rendimiento potente, dise\u00f1o estilizado y caracter\u00edsticas funcionales, haci\u00e9ndola una opci\u00f3n ideal para cocinas modernas.<\/p>\n","protected":false},"excerpt":{"rendered":"<p>La Campana de Pared Teka 76cm C7310 Inox es una opci\u00f3n funcional y estilizada para cocinas modernas. la Campana de Pared Teka 76cm C7310 Inox ofrece un rendimiento potente, dise\u00f1o estilizado y caracter\u00edsticas funcionales, haci\u00e9ndola una opci\u00f3n ideal para cocinas modernas.<\/p>\n","protected":false},"featured_media":1691,"template":"","meta":{"_joinchat":[]},"product_brand":[],"product_cat":[161,45,29],"product_tag":[106],"class_list":{"0":"post-1614","1":"product","2":"type-product","3":"status-publish","4":"has-post-thumbnail","6":"product_cat-best-selling-products","7":"product_cat-campanas","8":"product_cat-coccion","9":"product_tag-teka","11":"first","12":"outofstock","13":"shipping-taxable","14":"purchasable","15":"product-type-simple"},"_links":{"self":[{"href":"https:\/\/eltiosam.com.mx\/index.php\/wp-json\/wp\/v2\/product\/1614","targetHints":{"allow":["GET"]}}],"collection":[{"href":"https:\/\/eltiosam.com.mx\/index.php\/wp-json\/wp\/v2\/product"}],"about":[{"href":"https:\/\/eltiosam.com.mx\/index.php\/wp-json\/wp\/v2\/types\/product"}],"wp:featuredmedia":[{"embeddable":true,"href":"https:\/\/eltiosam.com.mx\/index.php\/wp-json\/wp\/v2\/media\/1691"}],"wp:attachment":[{"href":"https:\/\/eltiosam.com.mx\/index.php\/wp-json\/wp\/v2\/media?parent=1614"}],"wp:term":[{"taxonomy":"product_brand","embeddable":true,"href":"https:\/\/eltiosam.com.mx\/index.php\/wp-json\/wp\/v2\/product_brand?post=1614"},{"taxonomy":"product_cat","embeddable":true,"href":"https:\/\/eltiosam.com.mx\/index.php\/wp-json\/wp\/v2\/product_cat?post=1614"},{"taxonomy":"product_tag","embeddable":true,"href":"https:\/\/eltiosam.com.mx\/index.php\/wp-json\/wp\/v2\/product_tag?post=1614"}],"curies":[{"name":"wp","href":"https:\/\/api.w.org\/{rel}","templated":true}]}}