{"id":1597,"date":"2023-11-15T21:44:03","date_gmt":"2023-11-15T21:44:03","guid":{"rendered":"http:\/\/eltiosam.com.mx\/index.php\/product\/campana-de-pared-teka-55cm-gfh-55-inox\/"},"modified":"2024-02-03T19:11:58","modified_gmt":"2024-02-03T19:11:58","slug":"campana-de-pared-teka-55cm-gfh-55-inox","status":"publish","type":"product","link":"https:\/\/eltiosam.com.mx\/index.php\/product\/campana-de-pared-teka-55cm-gfh-55-inox\/","title":{"rendered":"CAMPANA DE PARED TEKA 55CM GFH 55 INOX"},"content":{"rendered":"<p>La Campana de Pared Teka 55cm GFH 55 Inox presenta diversas caracter\u00edsticas que la hacen funcional y vers\u00e1til para la cocina.<\/p>\n<p>La Campana de Pared Teka 55cm GFH 55 Inox ofrece una combinaci\u00f3n de dise\u00f1o, funcionalidad y eficiencia en la eliminaci\u00f3n de humos y olores en la cocina.<\/p>\n","protected":false},"excerpt":{"rendered":"<p>La Campana de Pared Teka 55cm GFH 55 Inox presenta diversas caracter\u00edsticas que la hacen funcional y vers\u00e1til para la cocina. La Campana de Pared Teka 55cm GFH 55 Inox ofrece una combinaci\u00f3n de dise\u00f1o, funcionalidad y eficiencia en la eliminaci\u00f3n de humos y olores en la cocina.<\/p>\n","protected":false},"featured_media":1677,"template":"","meta":{"_joinchat":[]},"product_brand":[],"product_cat":[160,161,45,29],"product_tag":[106],"class_list":{"0":"post-1597","1":"product","2":"type-product","3":"status-publish","4":"has-post-thumbnail","6":"product_cat-bajo-alacena","7":"product_cat-best-selling-products","8":"product_cat-campanas","9":"product_cat-coccion","10":"product_tag-teka","12":"first","13":"outofstock","14":"shipping-taxable","15":"purchasable","16":"product-type-simple"},"_links":{"self":[{"href":"https:\/\/eltiosam.com.mx\/index.php\/wp-json\/wp\/v2\/product\/1597","targetHints":{"allow":["GET"]}}],"collection":[{"href":"https:\/\/eltiosam.com.mx\/index.php\/wp-json\/wp\/v2\/product"}],"about":[{"href":"https:\/\/eltiosam.com.mx\/index.php\/wp-json\/wp\/v2\/types\/product"}],"wp:featuredmedia":[{"embeddable":true,"href":"https:\/\/eltiosam.com.mx\/index.php\/wp-json\/wp\/v2\/media\/1677"}],"wp:attachment":[{"href":"https:\/\/eltiosam.com.mx\/index.php\/wp-json\/wp\/v2\/media?parent=1597"}],"wp:term":[{"taxonomy":"product_brand","embeddable":true,"href":"https:\/\/eltiosam.com.mx\/index.php\/wp-json\/wp\/v2\/product_brand?post=1597"},{"taxonomy":"product_cat","embeddable":true,"href":"https:\/\/eltiosam.com.mx\/index.php\/wp-json\/wp\/v2\/product_cat?post=1597"},{"taxonomy":"product_tag","embeddable":true,"href":"https:\/\/eltiosam.com.mx\/index.php\/wp-json\/wp\/v2\/product_tag?post=1597"}],"curies":[{"name":"wp","href":"https:\/\/api.w.org\/{rel}","templated":true}]}}