{"id":1595,"date":"2023-11-15T21:44:02","date_gmt":"2023-11-15T21:44:02","guid":{"rendered":"http:\/\/eltiosam.com.mx\/index.php\/product\/campana-de-pared-teka-50cm-tmx-50-inox\/"},"modified":"2024-07-15T17:41:51","modified_gmt":"2024-07-15T17:41:51","slug":"campana-de-pared-teka-50cm-tmx-50-inox","status":"publish","type":"product","link":"https:\/\/eltiosam.com.mx\/index.php\/product\/campana-de-pared-teka-50cm-tmx-50-inox\/","title":{"rendered":"CAMPANA DE PARED TEKA 50CM TMX 50 INOX"},"content":{"rendered":"<p><strong>Descripci\u00f3n:<\/strong> Las campanas de isla, pared y empotre de la marca alemana Teka cuentan con garant\u00eda de fabricaci\u00f3n. Todas ellas cuentan con sistema de extracci\u00f3n y purificaci\u00f3n para mantener limpio el aire y cuentan con dise\u00f1os exclusivos para darle el acabado que tu cocina necesita. Con acabado en acero inoxidable, iluminaci\u00f3n eficiente, y caracter\u00edsticas que facilitan el mantenimiento, esta campana TMX 50 Inox es una excelente opci\u00f3n para cualquier cocina.<\/p>\n","protected":false},"excerpt":{"rendered":"<p>Descripci\u00f3n: Las campanas de isla, pared y empotre de la marca alemana Teka cuentan con garant\u00eda de fabricaci\u00f3n. Todas ellas cuentan con sistema de extracci\u00f3n y purificaci\u00f3n para mantener limpio el aire y cuentan con dise\u00f1os exclusivos para darle el acabado que tu cocina necesita. Con acabado en acero inoxidable, iluminaci\u00f3n eficiente, y caracter\u00edsticas que [&hellip;]<\/p>\n","protected":false},"featured_media":1675,"template":"","meta":{"_joinchat":[]},"product_brand":[],"product_cat":[160,161,45,29],"product_tag":[106],"class_list":{"0":"post-1595","1":"product","2":"type-product","3":"status-publish","4":"has-post-thumbnail","6":"product_cat-bajo-alacena","7":"product_cat-best-selling-products","8":"product_cat-campanas","9":"product_cat-coccion","10":"product_tag-teka","12":"first","13":"outofstock","14":"shipping-taxable","15":"purchasable","16":"product-type-simple"},"_links":{"self":[{"href":"https:\/\/eltiosam.com.mx\/index.php\/wp-json\/wp\/v2\/product\/1595","targetHints":{"allow":["GET"]}}],"collection":[{"href":"https:\/\/eltiosam.com.mx\/index.php\/wp-json\/wp\/v2\/product"}],"about":[{"href":"https:\/\/eltiosam.com.mx\/index.php\/wp-json\/wp\/v2\/types\/product"}],"wp:featuredmedia":[{"embeddable":true,"href":"https:\/\/eltiosam.com.mx\/index.php\/wp-json\/wp\/v2\/media\/1675"}],"wp:attachment":[{"href":"https:\/\/eltiosam.com.mx\/index.php\/wp-json\/wp\/v2\/media?parent=1595"}],"wp:term":[{"taxonomy":"product_brand","embeddable":true,"href":"https:\/\/eltiosam.com.mx\/index.php\/wp-json\/wp\/v2\/product_brand?post=1595"},{"taxonomy":"product_cat","embeddable":true,"href":"https:\/\/eltiosam.com.mx\/index.php\/wp-json\/wp\/v2\/product_cat?post=1595"},{"taxonomy":"product_tag","embeddable":true,"href":"https:\/\/eltiosam.com.mx\/index.php\/wp-json\/wp\/v2\/product_tag?post=1595"}],"curies":[{"name":"wp","href":"https:\/\/api.w.org\/{rel}","templated":true}]}}