{"id":1586,"date":"2023-11-15T21:43:57","date_gmt":"2023-11-15T21:43:57","guid":{"rendered":"http:\/\/eltiosam.com.mx\/index.php\/product\/campana-de-pared-mabe-80cm-cmpuv801ssx\/"},"modified":"2024-02-03T18:49:31","modified_gmt":"2024-02-03T18:49:31","slug":"campana-de-pared-mabe-80cm-cmpuv801ssx","status":"publish","type":"product","link":"https:\/\/eltiosam.com.mx\/index.php\/product\/campana-de-pared-mabe-80cm-cmpuv801ssx\/","title":{"rendered":"CAMPANA DE PARED MABE 80CM CMPUV801SSX"},"content":{"rendered":"<p><strong>Descripci\u00f3n del Producto:<\/strong> La Campana de Pared Mabe CMPUV801SSX de 80 cm combina funcionalidad y estilo para mantener tu cocina limpia y fresca. Con filtros lavables y de carb\u00f3n activado, ofrece una potente extracci\u00f3n de olores y una luz incandescente para una visualizaci\u00f3n clara de tus platillos.<\/p>\n<p>Con una combinaci\u00f3n de eficiencia en la extracci\u00f3n, iluminaci\u00f3n clara y dise\u00f1o moderno, la Campana de Pared Mabe CMPUV801SSX es una excelente adici\u00f3n para mantener tu cocina limpia y estilizada. Con su capacidad de filtraci\u00f3n efectiva y m\u00faltiples niveles de extracci\u00f3n, ofrece un rendimiento vers\u00e1til. Adem\u00e1s, su acabado en acero inoxidable le proporciona un aspecto elegante y contempor\u00e1neo.<\/p>\n","protected":false},"excerpt":{"rendered":"<p>Descripci\u00f3n del Producto: La Campana de Pared Mabe CMPUV801SSX de 80 cm combina funcionalidad y estilo para mantener tu cocina limpia y fresca. Con filtros lavables y de carb\u00f3n activado, ofrece una potente extracci\u00f3n de olores y una luz incandescente para una visualizaci\u00f3n clara de tus platillos. Con una combinaci\u00f3n de eficiencia en la extracci\u00f3n, [&hellip;]<\/p>\n","protected":false},"featured_media":1658,"template":"","meta":{"_joinchat":[]},"product_brand":[],"product_cat":[160,161,45,29],"product_tag":[21],"class_list":{"0":"post-1586","1":"product","2":"type-product","3":"status-publish","4":"has-post-thumbnail","6":"product_cat-bajo-alacena","7":"product_cat-best-selling-products","8":"product_cat-campanas","9":"product_cat-coccion","10":"product_tag-mabe","12":"first","13":"outofstock","14":"shipping-taxable","15":"purchasable","16":"product-type-simple"},"_links":{"self":[{"href":"https:\/\/eltiosam.com.mx\/index.php\/wp-json\/wp\/v2\/product\/1586","targetHints":{"allow":["GET"]}}],"collection":[{"href":"https:\/\/eltiosam.com.mx\/index.php\/wp-json\/wp\/v2\/product"}],"about":[{"href":"https:\/\/eltiosam.com.mx\/index.php\/wp-json\/wp\/v2\/types\/product"}],"wp:featuredmedia":[{"embeddable":true,"href":"https:\/\/eltiosam.com.mx\/index.php\/wp-json\/wp\/v2\/media\/1658"}],"wp:attachment":[{"href":"https:\/\/eltiosam.com.mx\/index.php\/wp-json\/wp\/v2\/media?parent=1586"}],"wp:term":[{"taxonomy":"product_brand","embeddable":true,"href":"https:\/\/eltiosam.com.mx\/index.php\/wp-json\/wp\/v2\/product_brand?post=1586"},{"taxonomy":"product_cat","embeddable":true,"href":"https:\/\/eltiosam.com.mx\/index.php\/wp-json\/wp\/v2\/product_cat?post=1586"},{"taxonomy":"product_tag","embeddable":true,"href":"https:\/\/eltiosam.com.mx\/index.php\/wp-json\/wp\/v2\/product_tag?post=1586"}],"curies":[{"name":"wp","href":"https:\/\/api.w.org\/{rel}","templated":true}]}}