{"id":1581,"date":"2023-11-15T21:43:53","date_gmt":"2023-11-15T21:43:53","guid":{"rendered":"http:\/\/eltiosam.com.mx\/index.php\/product\/campana-de-pared-mabe-76cm-cmpuv761ssx\/"},"modified":"2024-02-03T18:40:48","modified_gmt":"2024-02-03T18:40:48","slug":"campana-de-pared-mabe-76cm-cmpuv761ssx","status":"publish","type":"product","link":"https:\/\/eltiosam.com.mx\/index.php\/product\/campana-de-pared-mabe-76cm-cmpuv761ssx\/","title":{"rendered":"CAMPANA DE PARED MABE 76CM CMPUV761SSX"},"content":{"rendered":"<div class=\"flex-1 overflow-hidden\">\n<div class=\"react-scroll-to-bottom--css-hgvhx-79elbk h-full\">\n<div class=\"react-scroll-to-bottom--css-hgvhx-1n7m0yu\">\n<div class=\"flex flex-col pb-9 text-sm\">\n<div class=\"w-full text-token-text-primary\" data-testid=\"conversation-turn-39\">\n<div class=\"px-4 py-2 justify-center text-base md:gap-6 m-auto\">\n<div class=\"flex flex-1 text-base mx-auto gap-3 md:px-5 lg:px-1 xl:px-5 md:max-w-3xl lg:max-w-[40rem] xl:max-w-[48rem] group final-completion\">\n<div class=\"relative flex w-full flex-col lg:w-[calc(100%-115px)] agent-turn\">\n<div class=\"flex-col gap-1 md:gap-3\">\n<div class=\"flex flex-grow flex-col max-w-full\">\n<div class=\"min-h-[20px] text-message flex flex-col items-start gap-3 whitespace-pre-wrap break-words [.text-message+&amp;]:mt-5 overflow-x-auto\" data-message-author-role=\"assistant\" data-message-id=\"6b5a3334-6822-48e8-a421-f9d87b474fa8\">\n<div class=\"markdown prose w-full break-words dark:prose-invert light\">\n<p><strong>Descripci\u00f3n:<\/strong> La Campana de Pared Mabe CMPUV761SSX de 76 cm ofrece una soluci\u00f3n eficiente para mantener tu cocina limpia y fresca. Con filtros lavables, niveles de extracci\u00f3n ajustables y luz incandescente, proporciona funcionalidad y estilo para espacios bajo gabinete.<\/p>\n<p>Esta campana de pared Mabe combina funcionalidad con dise\u00f1o, ofreciendo una soluci\u00f3n eficiente y estilizada para mantener tu cocina en \u00f3ptimas condiciones.<\/p>\n<\/div>\n<\/div>\n<\/div>\n<\/div>\n<\/div>\n<\/div>\n<\/div>\n<\/div>\n<\/div>\n<\/div>\n<\/div>\n<\/div>\n","protected":false},"excerpt":{"rendered":"<p>Descripci\u00f3n: La Campana de Pared Mabe CMPUV761SSX de 76 cm ofrece una soluci\u00f3n eficiente para mantener tu cocina limpia y fresca. Con filtros lavables, niveles de extracci\u00f3n ajustables y luz incandescente, proporciona funcionalidad y estilo para espacios bajo gabinete. Esta campana de pared Mabe combina funcionalidad con dise\u00f1o, ofreciendo una soluci\u00f3n eficiente y estilizada para [&hellip;]<\/p>\n","protected":false},"featured_media":1643,"template":"","meta":{"_joinchat":[]},"product_brand":[],"product_cat":[160,161,45,29],"product_tag":[21],"class_list":{"0":"post-1581","1":"product","2":"type-product","3":"status-publish","4":"has-post-thumbnail","6":"product_cat-bajo-alacena","7":"product_cat-best-selling-products","8":"product_cat-campanas","9":"product_cat-coccion","10":"product_tag-mabe","12":"first","13":"outofstock","14":"shipping-taxable","15":"purchasable","16":"product-type-simple"},"_links":{"self":[{"href":"https:\/\/eltiosam.com.mx\/index.php\/wp-json\/wp\/v2\/product\/1581","targetHints":{"allow":["GET"]}}],"collection":[{"href":"https:\/\/eltiosam.com.mx\/index.php\/wp-json\/wp\/v2\/product"}],"about":[{"href":"https:\/\/eltiosam.com.mx\/index.php\/wp-json\/wp\/v2\/types\/product"}],"wp:featuredmedia":[{"embeddable":true,"href":"https:\/\/eltiosam.com.mx\/index.php\/wp-json\/wp\/v2\/media\/1643"}],"wp:attachment":[{"href":"https:\/\/eltiosam.com.mx\/index.php\/wp-json\/wp\/v2\/media?parent=1581"}],"wp:term":[{"taxonomy":"product_brand","embeddable":true,"href":"https:\/\/eltiosam.com.mx\/index.php\/wp-json\/wp\/v2\/product_brand?post=1581"},{"taxonomy":"product_cat","embeddable":true,"href":"https:\/\/eltiosam.com.mx\/index.php\/wp-json\/wp\/v2\/product_cat?post=1581"},{"taxonomy":"product_tag","embeddable":true,"href":"https:\/\/eltiosam.com.mx\/index.php\/wp-json\/wp\/v2\/product_tag?post=1581"}],"curies":[{"name":"wp","href":"https:\/\/api.w.org\/{rel}","templated":true}]}}