{"id":1579,"date":"2023-11-15T21:43:52","date_gmt":"2023-11-15T21:43:52","guid":{"rendered":"http:\/\/eltiosam.com.mx\/index.php\/product\/campana-de-pared-mabe-76cm-cmpu761gx\/"},"modified":"2024-02-03T18:36:50","modified_gmt":"2024-02-03T18:36:50","slug":"campana-de-pared-mabe-76cm-cmpu761gx","status":"publish","type":"product","link":"https:\/\/eltiosam.com.mx\/index.php\/product\/campana-de-pared-mabe-76cm-cmpu761gx\/","title":{"rendered":"CAMPANA DE PARED MABE 76CM CMPU761GX"},"content":{"rendered":"<p><strong>Descripci\u00f3n:<\/strong> La Campana de Pared Mabe CMPU761GX de 76 cm proporciona una soluci\u00f3n eficiente para mantener tu cocina limpia y fresca. Con filtros lavables, niveles de extracci\u00f3n ajustables y luz incandescente, ofrece funcionalidad y estilo para espacios bajo gabinete.<\/p>\n<p>Esta campana de pared Mabe combina funcionalidad con dise\u00f1o, ofreciendo una soluci\u00f3n eficiente y estilizada para mantener tu cocina en \u00f3ptimas condiciones.<\/p>\n","protected":false},"excerpt":{"rendered":"<p>Descripci\u00f3n: La Campana de Pared Mabe CMPU761GX de 76 cm proporciona una soluci\u00f3n eficiente para mantener tu cocina limpia y fresca. Con filtros lavables, niveles de extracci\u00f3n ajustables y luz incandescente, ofrece funcionalidad y estilo para espacios bajo gabinete. Esta campana de pared Mabe combina funcionalidad con dise\u00f1o, ofreciendo una soluci\u00f3n eficiente y estilizada para [&hellip;]<\/p>\n","protected":false},"featured_media":1638,"template":"","meta":{"_joinchat":[]},"product_brand":[],"product_cat":[160,161,45,29],"product_tag":[21],"class_list":{"0":"post-1579","1":"product","2":"type-product","3":"status-publish","4":"has-post-thumbnail","6":"product_cat-bajo-alacena","7":"product_cat-best-selling-products","8":"product_cat-campanas","9":"product_cat-coccion","10":"product_tag-mabe","12":"first","13":"outofstock","14":"shipping-taxable","15":"purchasable","16":"product-type-simple"},"_links":{"self":[{"href":"https:\/\/eltiosam.com.mx\/index.php\/wp-json\/wp\/v2\/product\/1579","targetHints":{"allow":["GET"]}}],"collection":[{"href":"https:\/\/eltiosam.com.mx\/index.php\/wp-json\/wp\/v2\/product"}],"about":[{"href":"https:\/\/eltiosam.com.mx\/index.php\/wp-json\/wp\/v2\/types\/product"}],"wp:featuredmedia":[{"embeddable":true,"href":"https:\/\/eltiosam.com.mx\/index.php\/wp-json\/wp\/v2\/media\/1638"}],"wp:attachment":[{"href":"https:\/\/eltiosam.com.mx\/index.php\/wp-json\/wp\/v2\/media?parent=1579"}],"wp:term":[{"taxonomy":"product_brand","embeddable":true,"href":"https:\/\/eltiosam.com.mx\/index.php\/wp-json\/wp\/v2\/product_brand?post=1579"},{"taxonomy":"product_cat","embeddable":true,"href":"https:\/\/eltiosam.com.mx\/index.php\/wp-json\/wp\/v2\/product_cat?post=1579"},{"taxonomy":"product_tag","embeddable":true,"href":"https:\/\/eltiosam.com.mx\/index.php\/wp-json\/wp\/v2\/product_tag?post=1579"}],"curies":[{"name":"wp","href":"https:\/\/api.w.org\/{rel}","templated":true}]}}