{"id":1562,"date":"2023-11-15T21:43:43","date_gmt":"2023-11-15T21:43:43","guid":{"rendered":"http:\/\/eltiosam.com.mx\/index.php\/product\/campana-de-isla-teka-40cm-cc-480-isla\/"},"modified":"2024-02-03T17:43:38","modified_gmt":"2024-02-03T17:43:38","slug":"campana-de-isla-teka-40cm-cc-480-isla","status":"publish","type":"product","link":"https:\/\/eltiosam.com.mx\/index.php\/product\/campana-de-isla-teka-40cm-cc-480-isla\/","title":{"rendered":"CAMPANA DE ISLA TEKA 40CM CC 480 ISLA"},"content":{"rendered":"<p>Moderniza tu cocina con la campana de isla circular Teka extractora y purificadora, en acero inoxidable con marco negro<\/p>\n<p>Las campanas de isla, pared y empotre de la marca alemana\u00a0<strong>Teka<\/strong>\u00a0cuentan con garant\u00eda de fabricaci\u00f3n, todas ellas cuentan con sistema de extracci\u00f3n y purificaci\u00f3n para mantener limpio el aire y cuentan con dise\u00f1os exclusivos para darle el acabado que tu cocina necesita.<\/p>\n","protected":false},"excerpt":{"rendered":"<p>Moderniza tu cocina con la campana de isla circular Teka extractora y purificadora, en acero inoxidable con marco negro Las campanas de isla, pared y empotre de la marca alemana\u00a0Teka\u00a0cuentan con garant\u00eda de fabricaci\u00f3n, todas ellas cuentan con sistema de extracci\u00f3n y purificaci\u00f3n para mantener limpio el aire y cuentan con dise\u00f1os exclusivos para darle [&hellip;]<\/p>\n","protected":false},"featured_media":1613,"template":"","meta":{"_joinchat":[]},"product_brand":[],"product_cat":[161,45,29,167],"product_tag":[106],"class_list":{"0":"post-1562","1":"product","2":"type-product","3":"status-publish","4":"has-post-thumbnail","6":"product_cat-best-selling-products","7":"product_cat-campanas","8":"product_cat-coccion","9":"product_cat-decorativas-de-isla","10":"product_tag-teka","12":"first","13":"outofstock","14":"shipping-taxable","15":"purchasable","16":"product-type-simple"},"_links":{"self":[{"href":"https:\/\/eltiosam.com.mx\/index.php\/wp-json\/wp\/v2\/product\/1562","targetHints":{"allow":["GET"]}}],"collection":[{"href":"https:\/\/eltiosam.com.mx\/index.php\/wp-json\/wp\/v2\/product"}],"about":[{"href":"https:\/\/eltiosam.com.mx\/index.php\/wp-json\/wp\/v2\/types\/product"}],"wp:featuredmedia":[{"embeddable":true,"href":"https:\/\/eltiosam.com.mx\/index.php\/wp-json\/wp\/v2\/media\/1613"}],"wp:attachment":[{"href":"https:\/\/eltiosam.com.mx\/index.php\/wp-json\/wp\/v2\/media?parent=1562"}],"wp:term":[{"taxonomy":"product_brand","embeddable":true,"href":"https:\/\/eltiosam.com.mx\/index.php\/wp-json\/wp\/v2\/product_brand?post=1562"},{"taxonomy":"product_cat","embeddable":true,"href":"https:\/\/eltiosam.com.mx\/index.php\/wp-json\/wp\/v2\/product_cat?post=1562"},{"taxonomy":"product_tag","embeddable":true,"href":"https:\/\/eltiosam.com.mx\/index.php\/wp-json\/wp\/v2\/product_tag?post=1562"}],"curies":[{"name":"wp","href":"https:\/\/api.w.org\/{rel}","templated":true}]}}