{"id":1559,"date":"2023-11-15T21:43:41","date_gmt":"2023-11-15T21:43:41","guid":{"rendered":"http:\/\/eltiosam.com.mx\/index.php\/product\/campana-de-isla-teka-107cm-nc-1040-isla\/"},"modified":"2024-02-03T03:09:59","modified_gmt":"2024-02-03T03:09:59","slug":"campana-de-isla-teka-107cm-nc-1040-isla","status":"publish","type":"product","link":"https:\/\/eltiosam.com.mx\/index.php\/product\/campana-de-isla-teka-107cm-nc-1040-isla\/","title":{"rendered":"CAMPANA DE ISLA TEKA 107CM NC 1040 ISLA"},"content":{"rendered":"<p>Las campanas de isla, pared y empotre de la marca alemana\u00a0<strong>Teka<\/strong>\u00a0cuentan con garant\u00eda de fabricaci\u00f3n, todas ellas cuentan con sistema de extracci\u00f3n y purificaci\u00f3n para mantener limpio el aire y cuentan con dise\u00f1os exclusivos para darle el acabado que tu cocina necesita.<\/p>\n","protected":false},"excerpt":{"rendered":"<p>Las campanas de isla, pared y empotre de la marca alemana\u00a0Teka\u00a0cuentan con garant\u00eda de fabricaci\u00f3n, todas ellas cuentan con sistema de extracci\u00f3n y purificaci\u00f3n para mantener limpio el aire y cuentan con dise\u00f1os exclusivos para darle el acabado que tu cocina necesita.<\/p>\n","protected":false},"featured_media":1610,"template":"","meta":{"_joinchat":[]},"product_brand":[],"product_cat":[161,45,29,167],"product_tag":[106],"class_list":{"0":"post-1559","1":"product","2":"type-product","3":"status-publish","4":"has-post-thumbnail","6":"product_cat-best-selling-products","7":"product_cat-campanas","8":"product_cat-coccion","9":"product_cat-decorativas-de-isla","10":"product_tag-teka","12":"first","13":"outofstock","14":"shipping-taxable","15":"purchasable","16":"product-type-simple"},"_links":{"self":[{"href":"https:\/\/eltiosam.com.mx\/index.php\/wp-json\/wp\/v2\/product\/1559","targetHints":{"allow":["GET"]}}],"collection":[{"href":"https:\/\/eltiosam.com.mx\/index.php\/wp-json\/wp\/v2\/product"}],"about":[{"href":"https:\/\/eltiosam.com.mx\/index.php\/wp-json\/wp\/v2\/types\/product"}],"wp:featuredmedia":[{"embeddable":true,"href":"https:\/\/eltiosam.com.mx\/index.php\/wp-json\/wp\/v2\/media\/1610"}],"wp:attachment":[{"href":"https:\/\/eltiosam.com.mx\/index.php\/wp-json\/wp\/v2\/media?parent=1559"}],"wp:term":[{"taxonomy":"product_brand","embeddable":true,"href":"https:\/\/eltiosam.com.mx\/index.php\/wp-json\/wp\/v2\/product_brand?post=1559"},{"taxonomy":"product_cat","embeddable":true,"href":"https:\/\/eltiosam.com.mx\/index.php\/wp-json\/wp\/v2\/product_cat?post=1559"},{"taxonomy":"product_tag","embeddable":true,"href":"https:\/\/eltiosam.com.mx\/index.php\/wp-json\/wp\/v2\/product_tag?post=1559"}],"curies":[{"name":"wp","href":"https:\/\/api.w.org\/{rel}","templated":true}]}}