{"id":1557,"date":"2023-11-15T21:43:40","date_gmt":"2023-11-15T21:43:40","guid":{"rendered":"http:\/\/eltiosam.com.mx\/index.php\/product\/campana-de-isla-mabe-90cm-cm9018i2i\/"},"modified":"2024-02-03T03:06:59","modified_gmt":"2024-02-03T03:06:59","slug":"campana-de-isla-mabe-90cm-cm9018i2i","status":"publish","type":"product","link":"https:\/\/eltiosam.com.mx\/index.php\/product\/campana-de-isla-mabe-90cm-cm9018i2i\/","title":{"rendered":"CAMPANA DE ISLA MABE 90CM CM9018I2I"},"content":{"rendered":"<p><strong>Descripci\u00f3n:<\/strong> La Campana de Isla Mabe CM9018I2I de 90 cm es una fusi\u00f3n de dise\u00f1o elegante y avanzada funcionalidad para mejorar tu cocina. Con controles iluminados, niveles de extracci\u00f3n potentes y filtros lavables, ofrece un rendimiento eficiente.<\/p>\n<p>Esta campana de isla Mabe combina estilo, rendimiento y conveniencia, convirti\u00e9ndola en una adici\u00f3n destacada a tu cocina.<\/p>\n","protected":false},"excerpt":{"rendered":"<p>Descripci\u00f3n: La Campana de Isla Mabe CM9018I2I de 90 cm es una fusi\u00f3n de dise\u00f1o elegante y avanzada funcionalidad para mejorar tu cocina. Con controles iluminados, niveles de extracci\u00f3n potentes y filtros lavables, ofrece un rendimiento eficiente. Esta campana de isla Mabe combina estilo, rendimiento y conveniencia, convirti\u00e9ndola en una adici\u00f3n destacada a tu cocina.<\/p>\n","protected":false},"featured_media":1607,"template":"","meta":{"_joinchat":[]},"product_brand":[],"product_cat":[161,45,29,167],"product_tag":[21],"class_list":{"0":"post-1557","1":"product","2":"type-product","3":"status-publish","4":"has-post-thumbnail","6":"product_cat-best-selling-products","7":"product_cat-campanas","8":"product_cat-coccion","9":"product_cat-decorativas-de-isla","10":"product_tag-mabe","12":"first","13":"outofstock","14":"shipping-taxable","15":"purchasable","16":"product-type-simple"},"_links":{"self":[{"href":"https:\/\/eltiosam.com.mx\/index.php\/wp-json\/wp\/v2\/product\/1557","targetHints":{"allow":["GET"]}}],"collection":[{"href":"https:\/\/eltiosam.com.mx\/index.php\/wp-json\/wp\/v2\/product"}],"about":[{"href":"https:\/\/eltiosam.com.mx\/index.php\/wp-json\/wp\/v2\/types\/product"}],"wp:featuredmedia":[{"embeddable":true,"href":"https:\/\/eltiosam.com.mx\/index.php\/wp-json\/wp\/v2\/media\/1607"}],"wp:attachment":[{"href":"https:\/\/eltiosam.com.mx\/index.php\/wp-json\/wp\/v2\/media?parent=1557"}],"wp:term":[{"taxonomy":"product_brand","embeddable":true,"href":"https:\/\/eltiosam.com.mx\/index.php\/wp-json\/wp\/v2\/product_brand?post=1557"},{"taxonomy":"product_cat","embeddable":true,"href":"https:\/\/eltiosam.com.mx\/index.php\/wp-json\/wp\/v2\/product_cat?post=1557"},{"taxonomy":"product_tag","embeddable":true,"href":"https:\/\/eltiosam.com.mx\/index.php\/wp-json\/wp\/v2\/product_tag?post=1557"}],"curies":[{"name":"wp","href":"https:\/\/api.w.org\/{rel}","templated":true}]}}