{"id":1546,"date":"2023-11-15T21:43:34","date_gmt":"2023-11-15T21:43:34","guid":{"rendered":"http:\/\/eltiosam.com.mx\/index.php\/product\/campana-asko-90cm-cw4936s\/"},"modified":"2024-02-03T02:46:30","modified_gmt":"2024-02-03T02:46:30","slug":"campana-asko-90cm-cw4936s","status":"publish","type":"product","link":"https:\/\/eltiosam.com.mx\/index.php\/product\/campana-asko-90cm-cw4936s\/","title":{"rendered":"CAMPANA ASKO 90CM CW4936S"},"content":{"rendered":"<p><strong>Descripci\u00f3n:<\/strong> Esta campana de extracci\u00f3n de 90 cm se monta en la pared, a\u00f1adiendo estilo a cualquier cocina. Proporciona una eliminaci\u00f3n eficaz de olores con cuatro velocidades de ventilaci\u00f3n, incluyendo la funci\u00f3n PowerBoost. Equipada con filtros de acero inoxidable, controles t\u00e1ctiles intuitivos y el sistema AirLogic\u2122, incluye la funci\u00f3n Cloud Zone\u2122 para atrapar gases. Adem\u00e1s, cuenta con iluminaci\u00f3n LED y un indicador de limpieza de filtros.<\/p>\n<p>&nbsp;<\/p>\n","protected":false},"excerpt":{"rendered":"<p>Descripci\u00f3n: Esta campana de extracci\u00f3n de 90 cm se monta en la pared, a\u00f1adiendo estilo a cualquier cocina. Proporciona una eliminaci\u00f3n eficaz de olores con cuatro velocidades de ventilaci\u00f3n, incluyendo la funci\u00f3n PowerBoost. Equipada con filtros de acero inoxidable, controles t\u00e1ctiles intuitivos y el sistema AirLogic\u2122, incluye la funci\u00f3n Cloud Zone\u2122 para atrapar gases. Adem\u00e1s, [&hellip;]<\/p>\n","protected":false},"featured_media":1596,"template":"","meta":{"_joinchat":[]},"product_brand":[],"product_cat":[161,45,29,168],"product_tag":[77],"class_list":{"0":"post-1546","1":"product","2":"type-product","3":"status-publish","4":"has-post-thumbnail","6":"product_cat-best-selling-products","7":"product_cat-campanas","8":"product_cat-coccion","9":"product_cat-decorativas-de-pared","10":"product_tag-asko","12":"first","13":"outofstock","14":"shipping-taxable","15":"product-type-simple"},"_links":{"self":[{"href":"https:\/\/eltiosam.com.mx\/index.php\/wp-json\/wp\/v2\/product\/1546","targetHints":{"allow":["GET"]}}],"collection":[{"href":"https:\/\/eltiosam.com.mx\/index.php\/wp-json\/wp\/v2\/product"}],"about":[{"href":"https:\/\/eltiosam.com.mx\/index.php\/wp-json\/wp\/v2\/types\/product"}],"wp:featuredmedia":[{"embeddable":true,"href":"https:\/\/eltiosam.com.mx\/index.php\/wp-json\/wp\/v2\/media\/1596"}],"wp:attachment":[{"href":"https:\/\/eltiosam.com.mx\/index.php\/wp-json\/wp\/v2\/media?parent=1546"}],"wp:term":[{"taxonomy":"product_brand","embeddable":true,"href":"https:\/\/eltiosam.com.mx\/index.php\/wp-json\/wp\/v2\/product_brand?post=1546"},{"taxonomy":"product_cat","embeddable":true,"href":"https:\/\/eltiosam.com.mx\/index.php\/wp-json\/wp\/v2\/product_cat?post=1546"},{"taxonomy":"product_tag","embeddable":true,"href":"https:\/\/eltiosam.com.mx\/index.php\/wp-json\/wp\/v2\/product_tag?post=1546"}],"curies":[{"name":"wp","href":"https:\/\/api.w.org\/{rel}","templated":true}]}}