{"id":1520,"date":"2023-11-15T21:43:20","date_gmt":"2023-11-15T21:43:20","guid":{"rendered":"http:\/\/eltiosam.com.mx\/index.php\/product\/cajon-caliente-asko-60cm-odw8327s\/"},"modified":"2024-02-02T19:55:48","modified_gmt":"2024-02-02T19:55:48","slug":"cajon-caliente-asko-60cm-odw8327s","status":"publish","type":"product","link":"https:\/\/eltiosam.com.mx\/index.php\/product\/cajon-caliente-asko-60cm-odw8327s\/","title":{"rendered":"CAJON CALIENTE ASKO 60CM ODW8327S"},"content":{"rendered":"<p>Este caj\u00f3n caliente ASKO ODW8327S ofrece una combinaci\u00f3n de funcionalidades vers\u00e1tiles y un dise\u00f1o elegante, siendo una adici\u00f3n pr\u00e1ctica y estilizada para su cocina.<\/p>\n","protected":false},"excerpt":{"rendered":"<p>Este caj\u00f3n caliente ASKO ODW8327S ofrece una combinaci\u00f3n de funcionalidades vers\u00e1tiles y un dise\u00f1o elegante, siendo una adici\u00f3n pr\u00e1ctica y estilizada para su cocina.<\/p>\n","protected":false},"featured_media":7003,"template":"","meta":{"_joinchat":[]},"product_brand":[],"product_cat":[161,162],"product_tag":[77],"class_list":{"0":"post-1520","1":"product","2":"type-product","3":"status-publish","4":"has-post-thumbnail","6":"product_cat-best-selling-products","7":"product_cat-cajones-calientes","8":"product_tag-asko","10":"first","11":"outofstock","12":"shipping-taxable","13":"product-type-simple"},"_links":{"self":[{"href":"https:\/\/eltiosam.com.mx\/index.php\/wp-json\/wp\/v2\/product\/1520","targetHints":{"allow":["GET"]}}],"collection":[{"href":"https:\/\/eltiosam.com.mx\/index.php\/wp-json\/wp\/v2\/product"}],"about":[{"href":"https:\/\/eltiosam.com.mx\/index.php\/wp-json\/wp\/v2\/types\/product"}],"wp:featuredmedia":[{"embeddable":true,"href":"https:\/\/eltiosam.com.mx\/index.php\/wp-json\/wp\/v2\/media\/7003"}],"wp:attachment":[{"href":"https:\/\/eltiosam.com.mx\/index.php\/wp-json\/wp\/v2\/media?parent=1520"}],"wp:term":[{"taxonomy":"product_brand","embeddable":true,"href":"https:\/\/eltiosam.com.mx\/index.php\/wp-json\/wp\/v2\/product_brand?post=1520"},{"taxonomy":"product_cat","embeddable":true,"href":"https:\/\/eltiosam.com.mx\/index.php\/wp-json\/wp\/v2\/product_cat?post=1520"},{"taxonomy":"product_tag","embeddable":true,"href":"https:\/\/eltiosam.com.mx\/index.php\/wp-json\/wp\/v2\/product_tag?post=1520"}],"curies":[{"name":"wp","href":"https:\/\/api.w.org\/{rel}","templated":true}]}}