{"id":1516,"date":"2023-11-15T21:43:18","date_gmt":"2023-11-15T21:43:18","guid":{"rendered":"http:\/\/eltiosam.com.mx\/index.php\/product\/cafetera-teka-clc-855-gm\/"},"modified":"2024-01-31T23:30:14","modified_gmt":"2024-01-31T23:30:14","slug":"cafetera-teka-clc-855-gm","status":"publish","type":"product","link":"https:\/\/eltiosam.com.mx\/index.php\/product\/cafetera-teka-clc-855-gm\/","title":{"rendered":"CAFETERA TEKA CLC 855 GM"},"content":{"rendered":"<p>Esta cafetera no solo ofrece la conveniencia de preparar dos tazas a la vez, sino que tambi\u00e9n proporciona una amplia gama de opciones de personalizaci\u00f3n para adaptarse a tus preferencias de caf\u00e9. Con su dise\u00f1o elegante y funciones avanzadas, es ideal para los amantes del caf\u00e9 que buscan versatilidad y calidad en cada taza.<\/p>\n","protected":false},"excerpt":{"rendered":"<p>Esta cafetera no solo ofrece la conveniencia de preparar dos tazas a la vez, sino que tambi\u00e9n proporciona una amplia gama de opciones de personalizaci\u00f3n para adaptarse a tus preferencias de caf\u00e9. Con su dise\u00f1o elegante y funciones avanzadas, es ideal para los amantes del caf\u00e9 que buscan versatilidad y calidad en cada taza.<\/p>\n","protected":false},"featured_media":1552,"template":"","meta":{"_joinchat":[]},"product_brand":[],"product_cat":[161,38],"product_tag":[106],"class_list":{"0":"post-1516","1":"product","2":"type-product","3":"status-publish","4":"has-post-thumbnail","6":"product_cat-best-selling-products","7":"product_cat-electrodomesticos","8":"product_tag-teka","10":"first","11":"outofstock","12":"shipping-taxable","13":"product-type-simple"},"_links":{"self":[{"href":"https:\/\/eltiosam.com.mx\/index.php\/wp-json\/wp\/v2\/product\/1516","targetHints":{"allow":["GET"]}}],"collection":[{"href":"https:\/\/eltiosam.com.mx\/index.php\/wp-json\/wp\/v2\/product"}],"about":[{"href":"https:\/\/eltiosam.com.mx\/index.php\/wp-json\/wp\/v2\/types\/product"}],"wp:featuredmedia":[{"embeddable":true,"href":"https:\/\/eltiosam.com.mx\/index.php\/wp-json\/wp\/v2\/media\/1552"}],"wp:attachment":[{"href":"https:\/\/eltiosam.com.mx\/index.php\/wp-json\/wp\/v2\/media?parent=1516"}],"wp:term":[{"taxonomy":"product_brand","embeddable":true,"href":"https:\/\/eltiosam.com.mx\/index.php\/wp-json\/wp\/v2\/product_brand?post=1516"},{"taxonomy":"product_cat","embeddable":true,"href":"https:\/\/eltiosam.com.mx\/index.php\/wp-json\/wp\/v2\/product_cat?post=1516"},{"taxonomy":"product_tag","embeddable":true,"href":"https:\/\/eltiosam.com.mx\/index.php\/wp-json\/wp\/v2\/product_tag?post=1516"}],"curies":[{"name":"wp","href":"https:\/\/api.w.org\/{rel}","templated":true}]}}