{"id":1484,"date":"2023-11-14T04:31:53","date_gmt":"2023-11-14T04:31:53","guid":{"rendered":"http:\/\/eltiosam.com.mx\/?post_type=product&#038;p=1484"},"modified":"2024-10-11T18:05:14","modified_gmt":"2024-10-11T18:05:14","slug":"contracanasta-de-acero-inoxidable-hd-005-ai","status":"publish","type":"product","link":"https:\/\/eltiosam.com.mx\/index.php\/product\/contracanasta-de-acero-inoxidable-hd-005-ai\/","title":{"rendered":"Contracanasta de Acero Inoxidable HD-005-AI"},"content":{"rendered":"<p>Esta contracanasta Kele HD-005-AI combina funcionalidad y durabilidad, siendo una adici\u00f3n pr\u00e1ctica para cualquier tarja de cocina. Su construcci\u00f3n en acero inoxidable y dise\u00f1o removible facilitan su uso y mantenimiento diario.<\/p>\n","protected":false},"excerpt":{"rendered":"<p>Esta contracanasta Kele HD-005-AI combina funcionalidad y durabilidad, siendo una adici\u00f3n pr\u00e1ctica para cualquier tarja de cocina. Su construcci\u00f3n en acero inoxidable y dise\u00f1o removible facilitan su uso y mantenimiento diario.<\/p>\n","protected":false},"featured_media":10809,"template":"","meta":{"_joinchat":[]},"product_brand":[],"product_cat":[50,42],"product_tag":[70],"class_list":{"0":"post-1484","1":"product","2":"type-product","3":"status-publish","4":"has-post-thumbnail","6":"product_cat-contracanasta","7":"product_cat-varios","8":"product_tag-kele","10":"first","11":"outofstock","12":"shipping-taxable","13":"product-type-simple"},"_links":{"self":[{"href":"https:\/\/eltiosam.com.mx\/index.php\/wp-json\/wp\/v2\/product\/1484","targetHints":{"allow":["GET"]}}],"collection":[{"href":"https:\/\/eltiosam.com.mx\/index.php\/wp-json\/wp\/v2\/product"}],"about":[{"href":"https:\/\/eltiosam.com.mx\/index.php\/wp-json\/wp\/v2\/types\/product"}],"wp:featuredmedia":[{"embeddable":true,"href":"https:\/\/eltiosam.com.mx\/index.php\/wp-json\/wp\/v2\/media\/10809"}],"wp:attachment":[{"href":"https:\/\/eltiosam.com.mx\/index.php\/wp-json\/wp\/v2\/media?parent=1484"}],"wp:term":[{"taxonomy":"product_brand","embeddable":true,"href":"https:\/\/eltiosam.com.mx\/index.php\/wp-json\/wp\/v2\/product_brand?post=1484"},{"taxonomy":"product_cat","embeddable":true,"href":"https:\/\/eltiosam.com.mx\/index.php\/wp-json\/wp\/v2\/product_cat?post=1484"},{"taxonomy":"product_tag","embeddable":true,"href":"https:\/\/eltiosam.com.mx\/index.php\/wp-json\/wp\/v2\/product_tag?post=1484"}],"curies":[{"name":"wp","href":"https:\/\/api.w.org\/{rel}","templated":true}]}}