{"id":1459,"date":"2023-11-14T03:43:50","date_gmt":"2023-11-14T03:43:50","guid":{"rendered":"http:\/\/eltiosam.com.mx\/?post_type=product&#038;p=1459"},"modified":"2025-06-10T00:01:07","modified_gmt":"2025-06-10T00:01:07","slug":"tarja-cuadra-rose-gold-khs3219a-rg","status":"publish","type":"product","link":"https:\/\/eltiosam.com.mx\/index.php\/product\/tarja-cuadra-rose-gold-khs3219a-rg\/","title":{"rendered":"Tarja Cuadra Rose Gold KHS3219A-RG"},"content":{"rendered":"<p>Descripci\u00f3n:<\/p>\n<p>Hecho de acero inoxidable 304 de alta calidad, la superficie est\u00e1 tratada con nano-chapado negro mate, muy f\u00e1cil de limpiar las manchas, resistente al calor de congelaci\u00f3n, sin penetraci\u00f3n de agua, a prueba de \u00f3xido y no es f\u00e1cil de deformar.<\/p>\n","protected":false},"excerpt":{"rendered":"<p>Descripci\u00f3n: Hecho de acero inoxidable 304 de alta calidad, la superficie est\u00e1 tratada con nano-chapado negro mate, muy f\u00e1cil de limpiar las manchas, resistente al calor de congelaci\u00f3n, sin penetraci\u00f3n de agua, a prueba de \u00f3xido y no es f\u00e1cil de deformar.<\/p>\n","protected":false},"featured_media":11645,"template":"","meta":{"_joinchat":[]},"product_brand":[],"product_cat":[47,42],"product_tag":[70],"class_list":{"0":"post-1459","1":"product","2":"type-product","3":"status-publish","4":"has-post-thumbnail","6":"product_cat-tarjas","7":"product_cat-varios","8":"product_tag-kele","10":"first","11":"outofstock","12":"shipping-taxable","13":"product-type-simple"},"_links":{"self":[{"href":"https:\/\/eltiosam.com.mx\/index.php\/wp-json\/wp\/v2\/product\/1459","targetHints":{"allow":["GET"]}}],"collection":[{"href":"https:\/\/eltiosam.com.mx\/index.php\/wp-json\/wp\/v2\/product"}],"about":[{"href":"https:\/\/eltiosam.com.mx\/index.php\/wp-json\/wp\/v2\/types\/product"}],"wp:featuredmedia":[{"embeddable":true,"href":"https:\/\/eltiosam.com.mx\/index.php\/wp-json\/wp\/v2\/media\/11645"}],"wp:attachment":[{"href":"https:\/\/eltiosam.com.mx\/index.php\/wp-json\/wp\/v2\/media?parent=1459"}],"wp:term":[{"taxonomy":"product_brand","embeddable":true,"href":"https:\/\/eltiosam.com.mx\/index.php\/wp-json\/wp\/v2\/product_brand?post=1459"},{"taxonomy":"product_cat","embeddable":true,"href":"https:\/\/eltiosam.com.mx\/index.php\/wp-json\/wp\/v2\/product_cat?post=1459"},{"taxonomy":"product_tag","embeddable":true,"href":"https:\/\/eltiosam.com.mx\/index.php\/wp-json\/wp\/v2\/product_tag?post=1459"}],"curies":[{"name":"wp","href":"https:\/\/api.w.org\/{rel}","templated":true}]}}