{"id":1451,"date":"2023-11-12T22:48:26","date_gmt":"2023-11-12T22:48:26","guid":{"rendered":"http:\/\/eltiosam.com.mx\/?post_type=product&#038;p=1451"},"modified":"2024-02-20T05:07:03","modified_gmt":"2024-02-20T05:07:03","slug":"mezcladora-kele-kss2702b","status":"publish","type":"product","link":"https:\/\/eltiosam.com.mx\/index.php\/product\/mezcladora-kele-kss2702b\/","title":{"rendered":"Mezcladora Kele KSS2702B"},"content":{"rendered":"<p><strong>Descripci\u00f3n:<\/strong><\/p>\n<p>Esta mezcladora Kele KSS2702B combina funcionalidad y estilo, siendo una excelente elecci\u00f3n para cocinas modernas. Su dise\u00f1o sencillo y elegante, junto con la calidad del material, la hacen ideal para ser utilizada con filtros de agua, aportando un toque de modernidad y eficiencia a cualquier espacio de cocina.<\/p>\n","protected":false},"excerpt":{"rendered":"<p>Descripci\u00f3n: Esta mezcladora Kele KSS2702B combina funcionalidad y estilo, siendo una excelente elecci\u00f3n para cocinas modernas. Su dise\u00f1o sencillo y elegante, junto con la calidad del material, la hacen ideal para ser utilizada con filtros de agua, aportando un toque de modernidad y eficiencia a cualquier espacio de cocina.<\/p>\n","protected":false},"featured_media":1452,"template":"","meta":{"_joinchat":[]},"product_brand":[],"product_cat":[183,42],"product_tag":[70],"class_list":{"0":"post-1451","1":"product","2":"type-product","3":"status-publish","4":"has-post-thumbnail","6":"product_cat-mezcladoras","7":"product_cat-varios","8":"product_tag-kele","10":"first","11":"outofstock","12":"shipping-taxable","13":"product-type-simple"},"_links":{"self":[{"href":"https:\/\/eltiosam.com.mx\/index.php\/wp-json\/wp\/v2\/product\/1451","targetHints":{"allow":["GET"]}}],"collection":[{"href":"https:\/\/eltiosam.com.mx\/index.php\/wp-json\/wp\/v2\/product"}],"about":[{"href":"https:\/\/eltiosam.com.mx\/index.php\/wp-json\/wp\/v2\/types\/product"}],"wp:featuredmedia":[{"embeddable":true,"href":"https:\/\/eltiosam.com.mx\/index.php\/wp-json\/wp\/v2\/media\/1452"}],"wp:attachment":[{"href":"https:\/\/eltiosam.com.mx\/index.php\/wp-json\/wp\/v2\/media?parent=1451"}],"wp:term":[{"taxonomy":"product_brand","embeddable":true,"href":"https:\/\/eltiosam.com.mx\/index.php\/wp-json\/wp\/v2\/product_brand?post=1451"},{"taxonomy":"product_cat","embeddable":true,"href":"https:\/\/eltiosam.com.mx\/index.php\/wp-json\/wp\/v2\/product_cat?post=1451"},{"taxonomy":"product_tag","embeddable":true,"href":"https:\/\/eltiosam.com.mx\/index.php\/wp-json\/wp\/v2\/product_tag?post=1451"}],"curies":[{"name":"wp","href":"https:\/\/api.w.org\/{rel}","templated":true}]}}