{"id":1447,"date":"2023-11-12T22:44:28","date_gmt":"2023-11-12T22:44:28","guid":{"rendered":"http:\/\/eltiosam.com.mx\/?post_type=product&#038;p=1447"},"modified":"2024-02-26T17:05:11","modified_gmt":"2024-02-26T17:05:11","slug":"tarja-cuadra-kele-khs3217a","status":"publish","type":"product","link":"https:\/\/eltiosam.com.mx\/index.php\/product\/tarja-cuadra-kele-khs3217a\/","title":{"rendered":"Tarja Cuadra KELE &#8211; KHS3217A"},"content":{"rendered":"<ul>\n<li><b>Descripci\u00f3n:<\/b><\/li>\n<\/ul>\n<p>Esta tarja KELE KHS3217A combina funcionalidad y estilo, siendo una excelente elecci\u00f3n para cocinas modernas. Su dise\u00f1o cuadrado y los accesorios incluidos ofrecen una gran versatilidad y eficiencia en el uso del espacio de la cocina. La opci\u00f3n de instalaci\u00f3n empotrada o submontada permite una integraci\u00f3n perfecta con diferentes estilos de encimeras.<\/p>\n","protected":false},"excerpt":{"rendered":"<p>Descripci\u00f3n: Esta tarja KELE KHS3217A combina funcionalidad y estilo, siendo una excelente elecci\u00f3n para cocinas modernas. Su dise\u00f1o cuadrado y los accesorios incluidos ofrecen una gran versatilidad y eficiencia en el uso del espacio de la cocina. La opci\u00f3n de instalaci\u00f3n empotrada o submontada permite una integraci\u00f3n perfecta con diferentes estilos de encimeras.<\/p>\n","protected":false},"featured_media":1448,"template":"","meta":{"_joinchat":[]},"product_brand":[],"product_cat":[47,42],"product_tag":[70],"class_list":{"0":"post-1447","1":"product","2":"type-product","3":"status-publish","4":"has-post-thumbnail","6":"product_cat-tarjas","7":"product_cat-varios","8":"product_tag-kele","10":"first","11":"outofstock","12":"shipping-taxable","13":"product-type-simple"},"_links":{"self":[{"href":"https:\/\/eltiosam.com.mx\/index.php\/wp-json\/wp\/v2\/product\/1447","targetHints":{"allow":["GET"]}}],"collection":[{"href":"https:\/\/eltiosam.com.mx\/index.php\/wp-json\/wp\/v2\/product"}],"about":[{"href":"https:\/\/eltiosam.com.mx\/index.php\/wp-json\/wp\/v2\/types\/product"}],"wp:featuredmedia":[{"embeddable":true,"href":"https:\/\/eltiosam.com.mx\/index.php\/wp-json\/wp\/v2\/media\/1448"}],"wp:attachment":[{"href":"https:\/\/eltiosam.com.mx\/index.php\/wp-json\/wp\/v2\/media?parent=1447"}],"wp:term":[{"taxonomy":"product_brand","embeddable":true,"href":"https:\/\/eltiosam.com.mx\/index.php\/wp-json\/wp\/v2\/product_brand?post=1447"},{"taxonomy":"product_cat","embeddable":true,"href":"https:\/\/eltiosam.com.mx\/index.php\/wp-json\/wp\/v2\/product_cat?post=1447"},{"taxonomy":"product_tag","embeddable":true,"href":"https:\/\/eltiosam.com.mx\/index.php\/wp-json\/wp\/v2\/product_tag?post=1447"}],"curies":[{"name":"wp","href":"https:\/\/api.w.org\/{rel}","templated":true}]}}