{"id":1437,"date":"2023-11-12T22:22:20","date_gmt":"2023-11-12T22:22:20","guid":{"rendered":"http:\/\/eltiosam.com.mx\/?post_type=product&#038;p=1437"},"modified":"2025-06-09T23:41:14","modified_gmt":"2025-06-09T23:41:14","slug":"tarja-kele-kud3318-10","status":"publish","type":"product","link":"https:\/\/eltiosam.com.mx\/index.php\/product\/tarja-kele-kud3318-10\/","title":{"rendered":"Tarja KELE KUD3318-10"},"content":{"rendered":"<p><strong>Descripci\u00f3n General<\/strong>:<\/p>\n<p>Esta tarja KELE ofrece un dise\u00f1o que combina tecnolog\u00eda, resistencia e innovaci\u00f3n, adecuado para cocinas modernas y funcionales. Su dise\u00f1o de doble tina proporciona amplitud y capacidad, haciendo de ella una opci\u00f3n vers\u00e1til para diferentes tareas de cocina.<\/p>\n","protected":false},"excerpt":{"rendered":"<p>Descripci\u00f3n General: Esta tarja KELE ofrece un dise\u00f1o que combina tecnolog\u00eda, resistencia e innovaci\u00f3n, adecuado para cocinas modernas y funcionales. Su dise\u00f1o de doble tina proporciona amplitud y capacidad, haciendo de ella una opci\u00f3n vers\u00e1til para diferentes tareas de cocina.<\/p>\n","protected":false},"featured_media":11641,"template":"","meta":{"_joinchat":[]},"product_brand":[],"product_cat":[47,42],"product_tag":[70],"class_list":{"0":"post-1437","1":"product","2":"type-product","3":"status-publish","4":"has-post-thumbnail","6":"product_cat-tarjas","7":"product_cat-varios","8":"product_tag-kele","10":"first","11":"outofstock","12":"shipping-taxable","13":"product-type-simple"},"_links":{"self":[{"href":"https:\/\/eltiosam.com.mx\/index.php\/wp-json\/wp\/v2\/product\/1437","targetHints":{"allow":["GET"]}}],"collection":[{"href":"https:\/\/eltiosam.com.mx\/index.php\/wp-json\/wp\/v2\/product"}],"about":[{"href":"https:\/\/eltiosam.com.mx\/index.php\/wp-json\/wp\/v2\/types\/product"}],"wp:featuredmedia":[{"embeddable":true,"href":"https:\/\/eltiosam.com.mx\/index.php\/wp-json\/wp\/v2\/media\/11641"}],"wp:attachment":[{"href":"https:\/\/eltiosam.com.mx\/index.php\/wp-json\/wp\/v2\/media?parent=1437"}],"wp:term":[{"taxonomy":"product_brand","embeddable":true,"href":"https:\/\/eltiosam.com.mx\/index.php\/wp-json\/wp\/v2\/product_brand?post=1437"},{"taxonomy":"product_cat","embeddable":true,"href":"https:\/\/eltiosam.com.mx\/index.php\/wp-json\/wp\/v2\/product_cat?post=1437"},{"taxonomy":"product_tag","embeddable":true,"href":"https:\/\/eltiosam.com.mx\/index.php\/wp-json\/wp\/v2\/product_tag?post=1437"}],"curies":[{"name":"wp","href":"https:\/\/api.w.org\/{rel}","templated":true}]}}