{"id":1430,"date":"2023-11-12T22:07:30","date_gmt":"2023-11-12T22:07:30","guid":{"rendered":"http:\/\/eltiosam.com.mx\/?post_type=product&#038;p=1430"},"modified":"2024-02-08T04:00:35","modified_gmt":"2024-02-08T04:00:35","slug":"dispensador-de-jabon-liquido-kele-kss0014","status":"publish","type":"product","link":"https:\/\/eltiosam.com.mx\/index.php\/product\/dispensador-de-jabon-liquido-kele-kss0014\/","title":{"rendered":"Dispensador De Jab\u00f3n L\u00edquido Kele KSS0014"},"content":{"rendered":"<p><strong>Descripci\u00f3n:<\/strong> Dispensador de jab\u00f3n l\u00edquido, Construido en Acero Inoxidable 304, Acabado Negro mate.<\/p>\n","protected":false},"excerpt":{"rendered":"<ul>\n<li>Contenedor pl\u00e1stico 240 ml.<\/li>\n<\/ul>\n","protected":false},"featured_media":1431,"template":"","meta":{"_joinchat":[]},"product_brand":[],"product_cat":[71,42],"product_tag":[70],"class_list":{"0":"post-1430","1":"product","2":"type-product","3":"status-publish","4":"has-post-thumbnail","6":"product_cat-dosificador","7":"product_cat-varios","8":"product_tag-kele","10":"first","11":"outofstock","12":"shipping-taxable","13":"product-type-simple"},"_links":{"self":[{"href":"https:\/\/eltiosam.com.mx\/index.php\/wp-json\/wp\/v2\/product\/1430","targetHints":{"allow":["GET"]}}],"collection":[{"href":"https:\/\/eltiosam.com.mx\/index.php\/wp-json\/wp\/v2\/product"}],"about":[{"href":"https:\/\/eltiosam.com.mx\/index.php\/wp-json\/wp\/v2\/types\/product"}],"wp:featuredmedia":[{"embeddable":true,"href":"https:\/\/eltiosam.com.mx\/index.php\/wp-json\/wp\/v2\/media\/1431"}],"wp:attachment":[{"href":"https:\/\/eltiosam.com.mx\/index.php\/wp-json\/wp\/v2\/media?parent=1430"}],"wp:term":[{"taxonomy":"product_brand","embeddable":true,"href":"https:\/\/eltiosam.com.mx\/index.php\/wp-json\/wp\/v2\/product_brand?post=1430"},{"taxonomy":"product_cat","embeddable":true,"href":"https:\/\/eltiosam.com.mx\/index.php\/wp-json\/wp\/v2\/product_cat?post=1430"},{"taxonomy":"product_tag","embeddable":true,"href":"https:\/\/eltiosam.com.mx\/index.php\/wp-json\/wp\/v2\/product_tag?post=1430"}],"curies":[{"name":"wp","href":"https:\/\/api.w.org\/{rel}","templated":true}]}}