{"id":1428,"date":"2023-11-12T22:02:30","date_gmt":"2023-11-12T22:02:30","guid":{"rendered":"http:\/\/eltiosam.com.mx\/?post_type=product&#038;p=1428"},"modified":"2024-02-26T18:36:53","modified_gmt":"2024-02-26T18:36:53","slug":"tarja-kele-kus02318-6","status":"publish","type":"product","link":"https:\/\/eltiosam.com.mx\/index.php\/product\/tarja-kele-kus02318-6\/","title":{"rendered":"Tarja Kele &#8211; KUS02318-6"},"content":{"rendered":"<p>Descripci\u00f3n:<\/p>\n<p>INGENIER\u00cdA DE ESPACIO Dise\u00f1adas tecnol\u00f3gicamente para aprovechar al m\u00e1ximo la cocina, las tarjas KELE en conjunto con su gama de accesorios complementarios, fabricados especialmente para fusionarse a la perfecci\u00f3n con cada modelo, reviven los espacios muertos propiciando un desempe\u00f1o m\u00e1s \u00f3ptimo y vers\u00e1til. Ofrecen profundidad y amplitud como nadie m\u00e1s en el mercado, dando como resultado m\u00e1s capacidad y espacio de trabajo<\/p>\n","protected":false},"excerpt":{"rendered":"<p>Descripci\u00f3n: INGENIER\u00cdA DE ESPACIO Dise\u00f1adas tecnol\u00f3gicamente para aprovechar al m\u00e1ximo la cocina, las tarjas KELE en conjunto con su gama de accesorios complementarios, fabricados especialmente para fusionarse a la perfecci\u00f3n con cada modelo, reviven los espacios muertos propiciando un desempe\u00f1o m\u00e1s \u00f3ptimo y vers\u00e1til. Ofrecen profundidad y amplitud como nadie m\u00e1s en el mercado, dando [&hellip;]<\/p>\n","protected":false},"featured_media":1429,"template":"","meta":{"_joinchat":[]},"product_brand":[],"product_cat":[47,42],"product_tag":[70],"class_list":{"0":"post-1428","1":"product","2":"type-product","3":"status-publish","4":"has-post-thumbnail","6":"product_cat-tarjas","7":"product_cat-varios","8":"product_tag-kele","10":"first","11":"outofstock","12":"shipping-taxable","13":"product-type-simple"},"_links":{"self":[{"href":"https:\/\/eltiosam.com.mx\/index.php\/wp-json\/wp\/v2\/product\/1428","targetHints":{"allow":["GET"]}}],"collection":[{"href":"https:\/\/eltiosam.com.mx\/index.php\/wp-json\/wp\/v2\/product"}],"about":[{"href":"https:\/\/eltiosam.com.mx\/index.php\/wp-json\/wp\/v2\/types\/product"}],"wp:featuredmedia":[{"embeddable":true,"href":"https:\/\/eltiosam.com.mx\/index.php\/wp-json\/wp\/v2\/media\/1429"}],"wp:attachment":[{"href":"https:\/\/eltiosam.com.mx\/index.php\/wp-json\/wp\/v2\/media?parent=1428"}],"wp:term":[{"taxonomy":"product_brand","embeddable":true,"href":"https:\/\/eltiosam.com.mx\/index.php\/wp-json\/wp\/v2\/product_brand?post=1428"},{"taxonomy":"product_cat","embeddable":true,"href":"https:\/\/eltiosam.com.mx\/index.php\/wp-json\/wp\/v2\/product_cat?post=1428"},{"taxonomy":"product_tag","embeddable":true,"href":"https:\/\/eltiosam.com.mx\/index.php\/wp-json\/wp\/v2\/product_tag?post=1428"}],"curies":[{"name":"wp","href":"https:\/\/api.w.org\/{rel}","templated":true}]}}