{"id":1400,"date":"2023-11-12T21:00:07","date_gmt":"2023-11-12T21:00:07","guid":{"rendered":"http:\/\/eltiosam.com.mx\/?post_type=product&#038;p=1400"},"modified":"2024-02-26T19:06:44","modified_gmt":"2024-02-26T19:06:44","slug":"tarja-quolorz-kqs3120a-bl","status":"publish","type":"product","link":"https:\/\/eltiosam.com.mx\/index.php\/product\/tarja-quolorz-kqs3120a-bl\/","title":{"rendered":"Tarja QUOLORZ &#8211; KQS3120A-BL"},"content":{"rendered":"<p>Descripci\u00f3n:<\/p>\n<p>Inspiradas en la simpleza geom\u00e9trica de las formas rectas y cuadradas; las tarjas Cuadra le dan un estilo minimalista, moderno y elegante a tu cocina. Es altamente resistente a rayaduras, impactos, y altas temperaturas. Superficie antibacterial. Tiene propiedades higi\u00e9nicas y as\u00e9pticas. Es una superficie f\u00e1cil de limpiar.<\/p>\n<p>&nbsp;<\/p>\n","protected":false},"excerpt":{"rendered":"<p>Descripci\u00f3n: Inspiradas en la simpleza geom\u00e9trica de las formas rectas y cuadradas; las tarjas Cuadra le dan un estilo minimalista, moderno y elegante a tu cocina. Es altamente resistente a rayaduras, impactos, y altas temperaturas. Superficie antibacterial. Tiene propiedades higi\u00e9nicas y as\u00e9pticas. Es una superficie f\u00e1cil de limpiar. &nbsp;<\/p>\n","protected":false},"featured_media":1401,"template":"","meta":{"_joinchat":[]},"product_brand":[],"product_cat":[47,42],"product_tag":[68],"class_list":{"0":"post-1400","1":"product","2":"type-product","3":"status-publish","4":"has-post-thumbnail","6":"product_cat-tarjas","7":"product_cat-varios","8":"product_tag-quolorz","10":"first","11":"outofstock","12":"shipping-taxable","13":"product-type-simple"},"_links":{"self":[{"href":"https:\/\/eltiosam.com.mx\/index.php\/wp-json\/wp\/v2\/product\/1400","targetHints":{"allow":["GET"]}}],"collection":[{"href":"https:\/\/eltiosam.com.mx\/index.php\/wp-json\/wp\/v2\/product"}],"about":[{"href":"https:\/\/eltiosam.com.mx\/index.php\/wp-json\/wp\/v2\/types\/product"}],"wp:featuredmedia":[{"embeddable":true,"href":"https:\/\/eltiosam.com.mx\/index.php\/wp-json\/wp\/v2\/media\/1401"}],"wp:attachment":[{"href":"https:\/\/eltiosam.com.mx\/index.php\/wp-json\/wp\/v2\/media?parent=1400"}],"wp:term":[{"taxonomy":"product_brand","embeddable":true,"href":"https:\/\/eltiosam.com.mx\/index.php\/wp-json\/wp\/v2\/product_brand?post=1400"},{"taxonomy":"product_cat","embeddable":true,"href":"https:\/\/eltiosam.com.mx\/index.php\/wp-json\/wp\/v2\/product_cat?post=1400"},{"taxonomy":"product_tag","embeddable":true,"href":"https:\/\/eltiosam.com.mx\/index.php\/wp-json\/wp\/v2\/product_tag?post=1400"}],"curies":[{"name":"wp","href":"https:\/\/api.w.org\/{rel}","templated":true}]}}